{"id":8077,"date":"2023-02-02T13:10:42","date_gmt":"2023-02-02T12:10:42","guid":{"rendered":"https:\/\/cetcen2c.ovh\/?page_id=8077"},"modified":"2023-04-03T22:47:09","modified_gmt":"2023-04-03T20:47:09","slug":"sem-du-27-03-au-02-04","status":"publish","type":"page","link":"https:\/\/cetcen2c.ovh\/index.php\/annee-2023\/trajet-vers-le-maroc\/sem-du-27-03-au-02-04\/","title":{"rendered":"Sem du 27\/03 au 02\/04"},"content":{"rendered":"<h4><strong><span style=\"color: #3366ff;\"><a style=\"color: #3366ff;\" href=\"https:\/\/cetcen2c.ovh\/index.php\/annee-2023\/sem-du-20-03-au-26-03\/\">Sem du 20\/03 au 26\/03<\/a><\/span><\/strong><\/h4>\n<h1 style=\"text-align: center;\"><strong>Lundi 27 MARS 2023<\/strong><\/h1>\n<h3><span style=\"color: #000000;\"><strong>Nuit tr\u00e8s fra\u00eeche, 4\u00b0 \u00e0 8 h du matin, mais grand soleil.<\/strong><\/span><\/h3>\n<h3><strong>Apr\u00e8s-midi d\u00e9part pour THILOUZE, pass\u00e9 la nuit sur le parking derri\u00e8re l&rsquo;\u00e9glise du village.<\/strong><\/h3>\n<p><img loading=\"lazy\" decoding=\"async\" class=\"alignnone size-full wp-image-8969\" src=\"https:\/\/cetcen2c.ovh\/wp-content\/uploads\/2023\/03\/DSCN81391-Copier.jpg\" alt=\"\" width=\"1440\" height=\"1080\" srcset=\"https:\/\/cetcen2c.ovh\/wp-content\/uploads\/2023\/03\/DSCN81391-Copier.jpg 1440w, https:\/\/cetcen2c.ovh\/wp-content\/uploads\/2023\/03\/DSCN81391-Copier-300x225.jpg 300w, https:\/\/cetcen2c.ovh\/wp-content\/uploads\/2023\/03\/DSCN81391-Copier-1024x768.jpg 1024w, https:\/\/cetcen2c.ovh\/wp-content\/uploads\/2023\/03\/DSCN81391-Copier-768x576.jpg 768w\" sizes=\"auto, (max-width: 1440px) 100vw, 1440px\" \/> <img loading=\"lazy\" decoding=\"async\" class=\"alignnone size-full wp-image-8970\" src=\"https:\/\/cetcen2c.ovh\/wp-content\/uploads\/2023\/03\/DSCN81401-Copier.jpg\" alt=\"\" width=\"1440\" height=\"1080\" srcset=\"https:\/\/cetcen2c.ovh\/wp-content\/uploads\/2023\/03\/DSCN81401-Copier.jpg 1440w, https:\/\/cetcen2c.ovh\/wp-content\/uploads\/2023\/03\/DSCN81401-Copier-300x225.jpg 300w, https:\/\/cetcen2c.ovh\/wp-content\/uploads\/2023\/03\/DSCN81401-Copier-1024x768.jpg 1024w, https:\/\/cetcen2c.ovh\/wp-content\/uploads\/2023\/03\/DSCN81401-Copier-768x576.jpg 768w\" sizes=\"auto, (max-width: 1440px) 100vw, 1440px\" \/> <img loading=\"lazy\" decoding=\"async\" class=\"alignnone size-full wp-image-8971\" src=\"https:\/\/cetcen2c.ovh\/wp-content\/uploads\/2023\/03\/DSCN81411-Copier.jpg\" alt=\"\" width=\"1440\" height=\"1080\" srcset=\"https:\/\/cetcen2c.ovh\/wp-content\/uploads\/2023\/03\/DSCN81411-Copier.jpg 1440w, https:\/\/cetcen2c.ovh\/wp-content\/uploads\/2023\/03\/DSCN81411-Copier-300x225.jpg 300w, https:\/\/cetcen2c.ovh\/wp-content\/uploads\/2023\/03\/DSCN81411-Copier-1024x768.jpg 1024w, https:\/\/cetcen2c.ovh\/wp-content\/uploads\/2023\/03\/DSCN81411-Copier-768x576.jpg 768w\" sizes=\"auto, (max-width: 1440px) 100vw, 1440px\" \/> <img loading=\"lazy\" decoding=\"async\" class=\"alignnone size-full wp-image-8972\" src=\"https:\/\/cetcen2c.ovh\/wp-content\/uploads\/2023\/03\/DSCN81421-Copier.jpg\" alt=\"\" width=\"1440\" height=\"1080\" srcset=\"https:\/\/cetcen2c.ovh\/wp-content\/uploads\/2023\/03\/DSCN81421-Copier.jpg 1440w, https:\/\/cetcen2c.ovh\/wp-content\/uploads\/2023\/03\/DSCN81421-Copier-300x225.jpg 300w, https:\/\/cetcen2c.ovh\/wp-content\/uploads\/2023\/03\/DSCN81421-Copier-1024x768.jpg 1024w, https:\/\/cetcen2c.ovh\/wp-content\/uploads\/2023\/03\/DSCN81421-Copier-768x576.jpg 768w\" sizes=\"auto, (max-width: 1440px) 100vw, 1440px\" \/><\/p>\n<p>&nbsp;<\/p>\n<p style=\"text-align: center;\"><strong>\u00a7\u00a7\u00a7\u00a7\u00a7\u00a7\u00a7\u00a7\u00a7\u00a7\u00a7\u00a7\u00a7\u00a7\u00a7\u00a7\u00a7\u00a7\u00a7\u00a7\u00a7\u00a7\u00a7\u00a7\u00a7<\/strong><\/p>\n<p>&nbsp;<\/p>\n<h1 style=\"text-align: center;\"><span style=\"color: #000000;\"><strong>Mardi 28 Mars 2023<\/strong><\/span><\/h1>\n<p>&nbsp;<\/p>\n<h3><span style=\"color: #000000;\"><strong>THILOUZE, ce matin r\u00e9veil brutal, \u00e0 8 h 30 , 0,4\u00b0 dehors et 4\u00b0 dans le camping car, malgr\u00e9 cela, nos 2 petits vieux r\u00e9sistent, pour l&rsquo;instant, pas de grippe, tout va bien.<\/strong><\/span><\/h3>\n<h3><strong>Rendez-vous chez des amis \u00ab\u00a0Aux Beaugers \u00a0\u00bb \u00e0 THILOUZE, famille dont Catherine \u00e0 eu leurs enfants \u00e0 la Garderie apr\u00e8s les heures d&rsquo;\u00e9cole.<\/strong><\/h3>\n<h3><strong>Arriv\u00e9e vers 17 h 30, ap\u00e9ro suivi d&rsquo;un bon repas, la soir\u00e9e s&rsquo;est termin\u00e9e vers minuit 30.<\/strong><\/h3>\n<h3><strong>Un moment de convivialit\u00e9 extraordinaire.<\/strong><\/h3>\n<h3><strong>On \u00e0 coucher sur place, d\u00e9part des lieux vers 8 h du matin, pour un retour sur l&rsquo;aire de CC de PONT de RUAN.<\/strong><\/h3>\n<p><img loading=\"lazy\" decoding=\"async\" class=\"alignnone size-full wp-image-8974\" src=\"https:\/\/cetcen2c.ovh\/wp-content\/uploads\/2023\/03\/DSCN81432-Copier.jpg\" alt=\"\" width=\"1440\" height=\"1080\" srcset=\"https:\/\/cetcen2c.ovh\/wp-content\/uploads\/2023\/03\/DSCN81432-Copier.jpg 1440w, https:\/\/cetcen2c.ovh\/wp-content\/uploads\/2023\/03\/DSCN81432-Copier-300x225.jpg 300w, https:\/\/cetcen2c.ovh\/wp-content\/uploads\/2023\/03\/DSCN81432-Copier-1024x768.jpg 1024w, https:\/\/cetcen2c.ovh\/wp-content\/uploads\/2023\/03\/DSCN81432-Copier-768x576.jpg 768w\" sizes=\"auto, (max-width: 1440px) 100vw, 1440px\" \/> <img loading=\"lazy\" decoding=\"async\" class=\"alignnone size-full wp-image-8975\" src=\"https:\/\/cetcen2c.ovh\/wp-content\/uploads\/2023\/03\/DSCN81441-Copier.jpg\" alt=\"\" width=\"1440\" height=\"1080\" srcset=\"https:\/\/cetcen2c.ovh\/wp-content\/uploads\/2023\/03\/DSCN81441-Copier.jpg 1440w, https:\/\/cetcen2c.ovh\/wp-content\/uploads\/2023\/03\/DSCN81441-Copier-300x225.jpg 300w, https:\/\/cetcen2c.ovh\/wp-content\/uploads\/2023\/03\/DSCN81441-Copier-1024x768.jpg 1024w, https:\/\/cetcen2c.ovh\/wp-content\/uploads\/2023\/03\/DSCN81441-Copier-768x576.jpg 768w\" sizes=\"auto, (max-width: 1440px) 100vw, 1440px\" \/><\/p>\n<p>&nbsp;<\/p>\n<p style=\"text-align: center;\"><strong>\u00a7\u00a7\u00a7\u00a7\u00a7\u00a7\u00a7\u00a7\u00a7\u00a7\u00a7\u00a7\u00a7\u00a7\u00a7\u00a7\u00a7\u00a7\u00a7\u00a7\u00a7\u00a7\u00a7<\/strong><\/p>\n<p>&nbsp;<\/p>\n<h1 style=\"text-align: center;\"><strong>Mercredi 29 MARS 2023<\/strong><\/h1>\n<p>&nbsp;<\/p>\n<h3><strong>Bonjour, aujourd&rsquo;hui, journ\u00e9e relax, nous avons rendez vous \u00e0 12 h 00 au SAX, le restaurant, place de la mairie \u00e0 THILOUZE.<\/strong><\/h3>\n<h3><strong>Claude ( c&rsquo;est moi ), Jacqueline, et Jean-Claude, ce sera T\u00eate de veau sauce ravigote, et Catherine Veau farci ( Madame n&rsquo;aime pas la t\u00eate de veau, tant pis pour elle).<\/strong><\/h3>\n<p><img loading=\"lazy\" decoding=\"async\" class=\"alignnone size-full wp-image-8984\" src=\"https:\/\/cetcen2c.ovh\/wp-content\/uploads\/2023\/03\/DSCN81451-Copier.jpg\" alt=\"\" width=\"1440\" height=\"1080\" srcset=\"https:\/\/cetcen2c.ovh\/wp-content\/uploads\/2023\/03\/DSCN81451-Copier.jpg 1440w, https:\/\/cetcen2c.ovh\/wp-content\/uploads\/2023\/03\/DSCN81451-Copier-300x225.jpg 300w, https:\/\/cetcen2c.ovh\/wp-content\/uploads\/2023\/03\/DSCN81451-Copier-1024x768.jpg 1024w, https:\/\/cetcen2c.ovh\/wp-content\/uploads\/2023\/03\/DSCN81451-Copier-768x576.jpg 768w\" sizes=\"auto, (max-width: 1440px) 100vw, 1440px\" \/> <img loading=\"lazy\" decoding=\"async\" class=\"alignnone size-full wp-image-8985\" src=\"https:\/\/cetcen2c.ovh\/wp-content\/uploads\/2023\/03\/DSCN81461-Copier.jpg\" alt=\"\" width=\"1440\" height=\"1080\" srcset=\"https:\/\/cetcen2c.ovh\/wp-content\/uploads\/2023\/03\/DSCN81461-Copier.jpg 1440w, https:\/\/cetcen2c.ovh\/wp-content\/uploads\/2023\/03\/DSCN81461-Copier-300x225.jpg 300w, https:\/\/cetcen2c.ovh\/wp-content\/uploads\/2023\/03\/DSCN81461-Copier-1024x768.jpg 1024w, https:\/\/cetcen2c.ovh\/wp-content\/uploads\/2023\/03\/DSCN81461-Copier-768x576.jpg 768w\" sizes=\"auto, (max-width: 1440px) 100vw, 1440px\" \/> <img loading=\"lazy\" decoding=\"async\" class=\"alignnone size-full wp-image-8986\" src=\"https:\/\/cetcen2c.ovh\/wp-content\/uploads\/2023\/03\/DSCN81471-Copier.jpg\" alt=\"\" width=\"1440\" height=\"1080\" srcset=\"https:\/\/cetcen2c.ovh\/wp-content\/uploads\/2023\/03\/DSCN81471-Copier.jpg 1440w, https:\/\/cetcen2c.ovh\/wp-content\/uploads\/2023\/03\/DSCN81471-Copier-300x225.jpg 300w, https:\/\/cetcen2c.ovh\/wp-content\/uploads\/2023\/03\/DSCN81471-Copier-1024x768.jpg 1024w, https:\/\/cetcen2c.ovh\/wp-content\/uploads\/2023\/03\/DSCN81471-Copier-768x576.jpg 768w\" sizes=\"auto, (max-width: 1440px) 100vw, 1440px\" \/><\/p>\n<h3 style=\"text-align: center;\"><strong>Catherine et Jacqueline \u00e0 l&rsquo;ap\u00e9ro<\/strong><\/h3>\n<p><img loading=\"lazy\" decoding=\"async\" class=\"alignnone size-full wp-image-8987\" src=\"https:\/\/cetcen2c.ovh\/wp-content\/uploads\/2023\/03\/DSCN81481-Copier.jpg\" alt=\"\" width=\"1440\" height=\"1080\" srcset=\"https:\/\/cetcen2c.ovh\/wp-content\/uploads\/2023\/03\/DSCN81481-Copier.jpg 1440w, https:\/\/cetcen2c.ovh\/wp-content\/uploads\/2023\/03\/DSCN81481-Copier-300x225.jpg 300w, https:\/\/cetcen2c.ovh\/wp-content\/uploads\/2023\/03\/DSCN81481-Copier-1024x768.jpg 1024w, https:\/\/cetcen2c.ovh\/wp-content\/uploads\/2023\/03\/DSCN81481-Copier-768x576.jpg 768w\" sizes=\"auto, (max-width: 1440px) 100vw, 1440px\" \/><\/p>\n<h3 style=\"text-align: center;\"><strong>Magnifique t\u00eate de veau<\/strong><\/h3>\n<p>&nbsp;<\/p>\n<p style=\"text-align: center;\"><strong>\u00a7\u00a7\u00a7\u00a7\u00a7\u00a7\u00a7\u00a7\u00a7\u00a7\u00a7\u00a7\u00a7\u00a7\u00a7\u00a7\u00a7\u00a7\u00a7\u00a7\u00a7\u00a7\u00a7<\/strong><\/p>\n<p>&nbsp;<\/p>\n<h1 style=\"text-align: center;\"><strong>Jeudi 30 MARS 2023<\/strong><\/h1>\n<p>&nbsp;<\/p>\n<h3><strong>Ce matin, un petit tour au magasin d&rsquo;usine LA CLOCHE D&rsquo;OR, achat de produits locaux, fromage de ch\u00e8vre Ste Maure, vous savez le fameux fromage avec la paille de seigle, miel local et biscuits.<\/strong><\/h3>\n<h3><strong>A 17 heures, achat de pinard de la r\u00e9gion,\u00a0<\/strong><\/h3>\n<h3><strong>A 18 heures rendez vous chez ODETTE , pour un ap\u00e9ro dinatoire, pr\u00e9par\u00e9 par sa fille Chantal.<\/strong><\/h3>\n<h3><strong>Que de bonnes choses pr\u00e9par\u00e9es avec amour, un r\u00e9gal. Fin des ripailles vers 21 h 30.<\/strong><\/h3>\n<h3><strong>MERCI Chantal et Odette pour votre accueil.<\/strong><\/h3>\n<p>&nbsp;<\/p>\n<p style=\"text-align: center;\"><strong>\u00a7\u00a7\u00a7\u00a7\u00a7\u00a7\u00a7\u00a7\u00a7\u00a7\u00a7\u00a7\u00a7\u00a7\u00a7\u00a7\u00a7\u00a7\u00a7\u00a7\u00a7\u00a7\u00a7\u00a7<\/strong><\/p>\n<p>&nbsp;<\/p>\n<h1 style=\"text-align: center;\"><strong>Vendredi 31 Mars 2023<\/strong><\/h1>\n<p>&nbsp;<\/p>\n<h3><strong>D\u00e9part de l&rsquo;aire de CC de Pont de Ruan \u00e0 2 h 30 du matin.<\/strong><\/h3>\n<h3><strong>Pluie et surtout un tr\u00e8s grand vent, impossible de rouler \u00e0 plus de 70 km\/h, sans risques.<\/strong><\/h3>\n<h3><strong>Arr\u00eat sur une aire d&rsquo;accueil \u00e0 LANGON sur CHER vers 6 heures, pour d\u00e9jeuner.<\/strong><\/h3>\n<p><img loading=\"lazy\" decoding=\"async\" class=\"alignnone size-full wp-image-8988\" src=\"https:\/\/cetcen2c.ovh\/wp-content\/uploads\/2023\/03\/DSCN81491-Copier.jpg\" alt=\"\" width=\"1440\" height=\"1080\" srcset=\"https:\/\/cetcen2c.ovh\/wp-content\/uploads\/2023\/03\/DSCN81491-Copier.jpg 1440w, https:\/\/cetcen2c.ovh\/wp-content\/uploads\/2023\/03\/DSCN81491-Copier-300x225.jpg 300w, https:\/\/cetcen2c.ovh\/wp-content\/uploads\/2023\/03\/DSCN81491-Copier-1024x768.jpg 1024w, https:\/\/cetcen2c.ovh\/wp-content\/uploads\/2023\/03\/DSCN81491-Copier-768x576.jpg 768w\" sizes=\"auto, (max-width: 1440px) 100vw, 1440px\" \/><\/p>\n<h3 style=\"text-align: center;\"><span style=\"color: #000000;\"><strong>Magnifique Aire d&rsquo;Accueil \u00e0 LANGON sur CHER<\/strong><\/span><\/h3>\n<p><img loading=\"lazy\" decoding=\"async\" class=\"alignnone size-full wp-image-8989\" src=\"https:\/\/cetcen2c.ovh\/wp-content\/uploads\/2023\/03\/DSCN81501-Copier.jpg\" alt=\"\" width=\"1440\" height=\"1080\" srcset=\"https:\/\/cetcen2c.ovh\/wp-content\/uploads\/2023\/03\/DSCN81501-Copier.jpg 1440w, https:\/\/cetcen2c.ovh\/wp-content\/uploads\/2023\/03\/DSCN81501-Copier-300x225.jpg 300w, https:\/\/cetcen2c.ovh\/wp-content\/uploads\/2023\/03\/DSCN81501-Copier-1024x768.jpg 1024w, https:\/\/cetcen2c.ovh\/wp-content\/uploads\/2023\/03\/DSCN81501-Copier-768x576.jpg 768w\" sizes=\"auto, (max-width: 1440px) 100vw, 1440px\" \/><\/p>\n<h2 style=\"text-align: center;\"><strong><span style=\"color: #000000;\">Arriv\u00e9e \u00e0 LACOLLONGE vers 16 heures<\/span>. Le compteur indique 94539 Kms.<\/strong><\/h2>\n<p>&nbsp;<\/p>\n<p style=\"text-align: center;\"><strong>#############<\/strong><\/p>\n<h2 style=\"text-align: center;\"><strong><span style=\"color: #000000;\">BILAN de ce s\u00e9jour\u00a0<\/span><\/strong><\/h2>\n<h3 style=\"text-align: center;\"><strong><span style=\"color: #000000;\">Je ne reconnais plus le MAROC, tellement il a chang\u00e9, et c&rsquo;est tant mieux pour sa population.<\/span><\/strong><\/h3>\n<h3 style=\"text-align: center;\"><strong><span style=\"color: #000000;\">Beaucoup de voitures neuves, de t\u00e9l\u00e9phones portables et donc les Marocains ne discutent plus avec nous<\/span>.<\/strong><\/h3>\n<p style=\"text-align: center;\"><strong>%%%%%%%%%%%%%%<\/strong><\/p>\n<h2 style=\"text-align: center;\"><strong>D\u00e9part le 11 Janvier 2023 et Retour le 31 Mars 2023 &#8211; Soit 80 Jours<\/strong><\/h2>\n<h2 style=\"text-align: center;\"><strong>7351 Kms parcourus &#8211; 668,17 litres de Gas-oil consomm\u00e9s pour 1 somme de <span style=\"color: #0000ff;\">900.64 \u20ac<\/span><\/strong><\/h2>\n<h2 style=\"text-align: center;\"><strong>Consommation moyenne au 100 Kms : 9.09 litres<\/strong><\/h2>\n<h2 style=\"text-align: center;\"><strong>D\u00e9penses nourriture = <span style=\"color: #0000ff;\">838.16 \u20ac<\/span><\/strong><\/h2>\n<h2 style=\"text-align: center;\"><strong>D\u00e9penses Aires Camping = <span style=\"color: #0000ff;\">398.44 \u20ac<\/span><\/strong><\/h2>\n<h2 style=\"text-align: center;\"><strong>D\u00e9penses Diverses = <span style=\"color: #0000ff;\">510.02 \u20ac<\/span><\/strong><\/h2>\n<h1 style=\"text-align: center;\"><strong>D\u00e9penses Totales = <span style=\"color: #0000ff;\">2647.26 \u20ac<\/span><\/strong><\/h1>\n<p>&nbsp;<\/p>\n<h1 style=\"text-align: center;\"><strong>Soit une moyenne de <span style=\"color: #0000ff;\">3<\/span><span style=\"color: #ff0000;\">3<\/span>.<span style=\"color: #0000ff;\">0<\/span><span style=\"color: #ff0000;\">9<\/span> \u20ac par jour, pour 2 personnes<\/strong><\/h1>\n<p>&nbsp;<\/p>\n<p style=\"text-align: center;\"><strong>@@@@@@@@@@@@@<\/strong><\/p>\n<h1 style=\"text-align: center;\"><strong><span style=\"color: #ff0000;\">FIN du VOYAGE et \u00e0 LA PROCHAINE<\/span><\/strong><\/h1>\n<p>&nbsp;<\/p>\n<h1 style=\"text-align: right;\"><em><strong>FIN DU BLOG<\/strong><\/em><\/h1>\n<p>&nbsp;<\/p>\n<h3 style=\"text-align: center;\"><em><strong><span style=\"color: #ff0000;\">FIN FIN FIN FIN FIN <\/span>\u00a0<span style=\"color: #0000ff;\">AU REVOIR<\/span> <span style=\"color: #ff0000;\">FIN FIN FIN FIN FIN<\/span> <span style=\"color: #0000ff;\">AU REVOIR<\/span><\/strong><\/em><\/h3>\n<p>&nbsp;<\/p>\n<h1 style=\"text-align: right;\"><strong>Z<span style=\"color: #ff0000;\">\u00e9<\/span>b<span style=\"color: #ff0000;\">u<\/span>l<span style=\"color: #ff0000;\">o<\/span>n<span style=\"color: #ff0000;\">9<\/span>0<\/strong><\/h1>\n<p>&nbsp;<\/p>\n<p>&nbsp;<\/p>\n","protected":false},"excerpt":{"rendered":"<p>Sem du 20\/03 au 26\/03 Lundi 27 MARS 2023 Nuit tr\u00e8s fra\u00eeche, 4\u00b0 \u00e0 8 h du matin, mais grand soleil. Apr\u00e8s-midi d\u00e9part pour THILOUZE, pass\u00e9 la nuit sur le parking derri\u00e8re l&rsquo;\u00e9glise du village. &nbsp; \u00a7\u00a7\u00a7\u00a7\u00a7\u00a7\u00a7\u00a7\u00a7\u00a7\u00a7\u00a7\u00a7\u00a7\u00a7\u00a7\u00a7\u00a7\u00a7\u00a7\u00a7\u00a7\u00a7\u00a7\u00a7 &nbsp; Mardi 28 &hellip; <a href=\"https:\/\/cetcen2c.ovh\/index.php\/annee-2023\/trajet-vers-le-maroc\/sem-du-27-03-au-02-04\/\">Continuer la lecture <span class=\"meta-nav\">&rarr;<\/span><\/a><\/p>\n","protected":false},"author":1,"featured_media":0,"parent":7794,"menu_order":16,"comment_status":"closed","ping_status":"closed","template":"fullwidth-page.php","meta":{"footnotes":""},"class_list":["post-8077","page","type-page","status-publish","hentry"],"_links":{"self":[{"href":"https:\/\/cetcen2c.ovh\/index.php\/wp-json\/wp\/v2\/pages\/8077","targetHints":{"allow":["GET"]}}],"collection":[{"href":"https:\/\/cetcen2c.ovh\/index.php\/wp-json\/wp\/v2\/pages"}],"about":[{"href":"https:\/\/cetcen2c.ovh\/index.php\/wp-json\/wp\/v2\/types\/page"}],"author":[{"embeddable":true,"href":"https:\/\/cetcen2c.ovh\/index.php\/wp-json\/wp\/v2\/users\/1"}],"replies":[{"embeddable":true,"href":"https:\/\/cetcen2c.ovh\/index.php\/wp-json\/wp\/v2\/comments?post=8077"}],"version-history":[{"count":13,"href":"https:\/\/cetcen2c.ovh\/index.php\/wp-json\/wp\/v2\/pages\/8077\/revisions"}],"predecessor-version":[{"id":8998,"href":"https:\/\/cetcen2c.ovh\/index.php\/wp-json\/wp\/v2\/pages\/8077\/revisions\/8998"}],"up":[{"embeddable":true,"href":"https:\/\/cetcen2c.ovh\/index.php\/wp-json\/wp\/v2\/pages\/7794"}],"wp:attachment":[{"href":"https:\/\/cetcen2c.ovh\/index.php\/wp-json\/wp\/v2\/media?parent=8077"}],"curies":[{"name":"wp","href":"https:\/\/api.w.org\/{rel}","templated":true}]}}