{"id":7820,"date":"2023-01-16T20:57:12","date_gmt":"2023-01-16T19:57:12","guid":{"rendered":"https:\/\/cetcen2c.ovh\/?page_id=7820"},"modified":"2023-03-11T18:14:11","modified_gmt":"2023-03-11T17:14:11","slug":"semaine-du-11-01au-15-01","status":"publish","type":"page","link":"https:\/\/cetcen2c.ovh\/index.php\/annee-2023\/semaine-du-11-01au-15-01\/","title":{"rendered":"Sem du 11\/01 au 15\/01"},"content":{"rendered":"<h2 style=\"text-align: center;\"><span style=\"color: #ff0000;\"><strong>Vous pouvez cliquer sur la semaine de votre choix<\/strong><\/span><\/h2>\n<h3 style=\"text-align: center;\"><span style=\"color: #0000ff;\"><strong><a style=\"color: #0000ff;\" href=\"https:\/\/cetcen2c.ovh\/index.php\/annee-2023\/annee-2023-2\/trajet-vers-le-maroc\/semaine-du-16-01-au-22-01\/\">Sem du 16\/01 au 22\/01<\/a><\/strong><\/span><\/h3>\n<h3 style=\"text-align: center;\"><span style=\"color: #0000ff;\"><strong><a style=\"color: #0000ff;\" href=\"https:\/\/cetcen2c.ovh\/index.php\/annee-2023\/annee-2023-2\/trajet-vers-le-maroc\/semaine-du-23-01-au-29-01\/\">Sem du 23\/01 au 29\/01<\/a><\/strong><\/span><\/h3>\n<h3 style=\"text-align: center;\"><span style=\"color: #0000ff;\"><strong><a style=\"color: #0000ff;\" href=\"https:\/\/cetcen2c.ovh\/index.php\/annee-2023\/annee-2023-2\/trajet-vers-le-maroc\/semaine-du-30-01-au-02-02\/\">Sem du 30\/01 au 05\/02<\/a><\/strong><\/span><\/h3>\n<h3 style=\"text-align: center;\"><span style=\"color: #0000ff;\"><strong><a style=\"color: #0000ff;\" href=\"https:\/\/cetcen2c.ovh\/index.php\/annee-2023\/annee-2023-2\/trajet-vers-le-maroc\/sem-du-06-02-au-12-02\/\">Sem du 06\/02 au 12\/02<\/a><\/strong><\/span><\/h3>\n<h3 style=\"text-align: center;\"><span style=\"color: #0000ff;\"><strong><a style=\"color: #0000ff;\" href=\"https:\/\/cetcen2c.ovh\/index.php\/annee-2023\/annee-2023-2\/trajet-vers-le-maroc\/sem-du-13-02-au-19-02\/\">Sem du 13\/02 au 19\/02<\/a><\/strong><\/span><\/h3>\n<h3 style=\"text-align: center;\"><a href=\"https:\/\/cetcen2c.ovh\/index.php\/annee-2023\/annee-2023-2\/trajet-vers-le-maroc\/sem-du-20-02-au-26-02\/\"><span style=\"color: #0000ff;\"><strong>Sem du 20\/02 au 26\/02<\/strong><\/span><\/a><\/h3>\n<h3 style=\"text-align: center;\"><strong><span style=\"color: #0000ff;\"><a style=\"color: #0000ff;\" href=\"https:\/\/cetcen2c.ovh\/index.php\/annee-2023\/annee-2023-2\/trajet-vers-le-maroc\/sem-du-27-02-au-05-03\/\">Sem du 27\/02 au 05\/03<\/a><\/span><\/strong><\/h3>\n<h3 style=\"text-align: center;\"><span style=\"color: #0000ff;\"><strong><a style=\"color: #0000ff;\" href=\"https:\/\/cetcen2c.ovh\/index.php\/annee-2023\/annee-2023-2\/trajet-vers-le-maroc\/sem-du-06-03-au-12-03\/\">Sem du 06\/03 au 12\/03<\/a><\/strong><\/span><\/h3>\n<h3 style=\"text-align: center;\"><span style=\"color: #0000ff;\"><strong><a style=\"color: #0000ff;\" href=\"https:\/\/cetcen2c.ovh\/index.php\/annee-2023\/annee-2023-2\/trajet-vers-le-maroc\/sem-du-13-03-au-19-03\/\">Sem du 13\/03 au 19\/03<\/a><\/strong><\/span><\/h3>\n<h3 style=\"text-align: center;\"><span style=\"color: #0000ff;\"><strong><a style=\"color: #0000ff;\" href=\"https:\/\/cetcen2c.ovh\/index.php\/annee-2023\/annee-2023-2\/trajet-vers-le-maroc\/sem-du-20-03-au-26-03\/\">Sem du 20\/03 au 26\/03<\/a><\/strong><\/span><\/h3>\n<h3 style=\"text-align: center;\"><span style=\"color: #0000ff;\"><strong><a style=\"color: #0000ff;\" href=\"https:\/\/cetcen2c.ovh\/index.php\/annee-2023\/annee-2023-2\/trajet-vers-le-maroc\/sem-du-27-03-au-02-04\/\">Sem du 27\/03 au 02\/04<\/a><\/strong><\/span><\/h3>\n<h3 style=\"text-align: center;\"><span style=\"color: #0000ff;\"><strong><a style=\"color: #0000ff;\" href=\"https:\/\/cetcen2c.ovh\/index.php\/annee-2023\/annee-2023-2\/trajet-vers-le-maroc\/sem-03-04-au-09-04\/\">Sem du 03\/04 au 09\/04<\/a><\/strong><\/span><\/h3>\n<h3 style=\"text-align: center;\"><span style=\"color: #0000ff;\"><strong><a style=\"color: #0000ff;\" href=\"https:\/\/cetcen2c.ovh\/index.php\/annee-2023\/annee-2023-2\/trajet-vers-le-maroc\/sem-du-10-04-au-16-04\/\">Sem du 10\/04 au 16\/04<\/a><\/strong><\/span><\/h3>\n<h3 style=\"text-align: center;\"><span style=\"color: #0000ff;\"><strong><a style=\"color: #0000ff;\" href=\"https:\/\/cetcen2c.ovh\/index.php\/annee-2023\/annee-2023-2\/trajet-vers-le-maroc\/sem-du-17-04-au-23-04\/\">Sem du 17\/04 au 23\/04<\/a><\/strong><\/span><\/h3>\n<h3 style=\"text-align: center;\"><span style=\"color: #0000ff;\"><strong><a style=\"color: #0000ff;\" href=\"https:\/\/cetcen2c.ovh\/index.php\/annee-2023\/annee-2023-2\/trajet-vers-le-maroc\/sem-du-05-04-au-11-04\/\">Sem du 24\/04 au 30\/04<\/a><\/strong><\/span><\/h3>\n<p>&nbsp;<\/p>\n<h1 style=\"text-align: center;\"><span style=\"color: #000000;\"><strong>Mercredi 11 JANVIER 2023<\/strong><\/span><\/h1>\n<p><img loading=\"lazy\" decoding=\"async\" class=\"alignnone size-full wp-image-8747\" src=\"https:\/\/cetcen2c.ovh\/wp-content\/uploads\/2023\/03\/etape01.jpg\" alt=\"\" width=\"1256\" height=\"648\" srcset=\"https:\/\/cetcen2c.ovh\/wp-content\/uploads\/2023\/03\/etape01.jpg 1256w, https:\/\/cetcen2c.ovh\/wp-content\/uploads\/2023\/03\/etape01-300x155.jpg 300w, https:\/\/cetcen2c.ovh\/wp-content\/uploads\/2023\/03\/etape01-1024x528.jpg 1024w, https:\/\/cetcen2c.ovh\/wp-content\/uploads\/2023\/03\/etape01-768x396.jpg 768w\" sizes=\"auto, (max-width: 1256px) 100vw, 1256px\" \/><\/p>\n<h3><strong>D\u00e9part LACOLLONGE \u00e0 02 h 45 .<\/strong><\/h3>\n<h3><strong>Le compteur indique 87903 Kms.<\/strong><\/h3>\n<h3><strong>Pause apr\u00e8s DIGOIN \u00e0 8 h 30. Le compteur indique 88248 Kms.<\/strong><\/h3>\n<h3><strong>Arr\u00eat \u00e0 EGLETONS, pause casse-cro\u00fbte, il est 12 h 30. Le compteur indique 88490 Kms.<\/strong><\/h3>\n<h3><strong>Arriv\u00e9e au Camping de BERGERAC \u00e0 16 h 45. Le compteur indique 88670 Kms.<\/strong><\/h3>\n<h2 style=\"text-align: center;\"><strong>SOIT 1 ETAPE de <span style=\"color: #ff0000;\">767 KMS.<\/span><\/strong><\/h2>\n<p>&nbsp;<\/p>\n<p style=\"text-align: center;\"><strong>\u00a7\u00a7\u00a7\u00a7\u00a7\u00a7\u00a7\u00a7\u00a7\u00a7\u00a7\u00a7\u00a7\u00a7\u00a7\u00a7\u00a7\u00a7\u00a7\u00a7<\/strong><\/p>\n<p>&nbsp;<\/p>\n<h1 style=\"text-align: center;\"><span style=\"color: #000000;\"><strong>Jeudi 12 JANVIER 2023<\/strong><\/span><\/h1>\n<p><img loading=\"lazy\" decoding=\"async\" class=\"alignnone size-full wp-image-8749\" src=\"https:\/\/cetcen2c.ovh\/wp-content\/uploads\/2023\/03\/etape02.jpg\" alt=\"\" width=\"1336\" height=\"857\" srcset=\"https:\/\/cetcen2c.ovh\/wp-content\/uploads\/2023\/03\/etape02.jpg 1336w, https:\/\/cetcen2c.ovh\/wp-content\/uploads\/2023\/03\/etape02-300x192.jpg 300w, https:\/\/cetcen2c.ovh\/wp-content\/uploads\/2023\/03\/etape02-1024x657.jpg 1024w, https:\/\/cetcen2c.ovh\/wp-content\/uploads\/2023\/03\/etape02-768x493.jpg 768w\" sizes=\"auto, (max-width: 1336px) 100vw, 1336px\" \/><\/p>\n<h3><strong>D\u00e9part du Camping Municipal de BERGERAC \u00e0 7 h 45<\/strong><\/h3>\n<h3><strong>Direction SAN SEBASTIAN, en ESPAGNE.<\/strong><\/h3>\n<h3><strong>Arriv\u00e9e sur le PARKING d&rsquo;un relais Routier \u00e0 PALENCIA \u00e0 18 h 00. Le compteur indique 89322 KMS.<\/strong><\/h3>\n<h3><strong>Nous mangeons au Restaurant Routier et nous passons la nuit sur le Parking avec une cinquantaine de camions.<\/strong><\/h3>\n<h2 style=\"text-align: center;\"><strong><span style=\"color: #ff0000;\"><span style=\"color: #000000;\">SOIT 1 ETAPE de<\/span> 652 KMS.<\/span><\/strong><\/h2>\n<p>&nbsp;<\/p>\n<p style=\"text-align: center;\"><strong>\u00a7\u00a7\u00a7\u00a7\u00a7\u00a7\u00a7\u00a7\u00a7\u00a7\u00a7\u00a7\u00a7\u00a7\u00a7\u00a7\u00a7\u00a7\u00a7\u00a7\u00a7\u00a7<\/strong><\/p>\n<p>&nbsp;<\/p>\n<h1 style=\"text-align: center;\"><span style=\"color: #000000;\"><strong>Vendredi 13 JANVIER 2023<\/strong><\/span><\/h1>\n<p><img loading=\"lazy\" decoding=\"async\" class=\"alignnone size-full wp-image-8750\" src=\"https:\/\/cetcen2c.ovh\/wp-content\/uploads\/2023\/03\/etape03.jpg\" alt=\"\" width=\"1152\" height=\"883\" srcset=\"https:\/\/cetcen2c.ovh\/wp-content\/uploads\/2023\/03\/etape03.jpg 1152w, https:\/\/cetcen2c.ovh\/wp-content\/uploads\/2023\/03\/etape03-300x230.jpg 300w, https:\/\/cetcen2c.ovh\/wp-content\/uploads\/2023\/03\/etape03-1024x785.jpg 1024w, https:\/\/cetcen2c.ovh\/wp-content\/uploads\/2023\/03\/etape03-768x589.jpg 768w\" sizes=\"auto, (max-width: 1152px) 100vw, 1152px\" \/><\/p>\n<h3><strong>D\u00e9part du Parking Routier\u00a0 \u00e0 7 h 45.<\/strong><\/h3>\n<h3><strong>Arriv\u00e9e chez GUTTIEREZ \u00e0 LOS BARRIOS en Espagne. Le compteur indique 90128KMS<\/strong>.<\/h3>\n<h2 style=\"text-align: center;\"><strong><span style=\"color: #ff0000;\"><span style=\"color: #000000;\">SOIT 1 ETAPE de<\/span> 806 KMS.<\/span><\/strong><\/h2>\n<p>&nbsp;<\/p>\n<p style=\"text-align: center;\">\u00a7\u00a7\u00a7\u00a7\u00a7\u00a7\u00a7\u00a7\u00a7\u00a7\u00a7\u00a7\u00a7\u00a7\u00a7\u00a7\u00a7\u00a7\u00a7\u00a7\u00a7<\/p>\n<p>&nbsp;<\/p>\n<h1 style=\"text-align: center;\"><span style=\"color: #000000;\"><strong>Samedi 14 JANVIER 2023<\/strong><\/span><\/h1>\n<p>&nbsp;<\/p>\n<h3><strong>D\u00e9part Parking GUTTIEREZ \u00e0 7 h 45, direction le port pour embarquement, soit une distance de 9 KMS.<\/strong><\/h3>\n<h3><strong>Embarquement sur le bateau pour la travers\u00e9e du D\u00e9troit de Gibraltar, direction TANGER-MED au MAROC.<\/strong><\/h3>\n<p><img loading=\"lazy\" decoding=\"async\" class=\"alignnone size-full wp-image-8751\" src=\"https:\/\/cetcen2c.ovh\/wp-content\/uploads\/2023\/03\/etape04.jpg\" alt=\"\" width=\"1152\" height=\"694\" srcset=\"https:\/\/cetcen2c.ovh\/wp-content\/uploads\/2023\/03\/etape04.jpg 1152w, https:\/\/cetcen2c.ovh\/wp-content\/uploads\/2023\/03\/etape04-300x181.jpg 300w, https:\/\/cetcen2c.ovh\/wp-content\/uploads\/2023\/03\/etape04-1024x617.jpg 1024w, https:\/\/cetcen2c.ovh\/wp-content\/uploads\/2023\/03\/etape04-768x463.jpg 768w\" sizes=\"auto, (max-width: 1152px) 100vw, 1152px\" \/><\/p>\n<h3><img loading=\"lazy\" decoding=\"async\" class=\"alignnone wp-image-7920\" src=\"https:\/\/cetcen2c.ovh\/wp-content\/uploads\/2023\/01\/20230114_090721-Copier-rotated.jpg\" alt=\"\" width=\"1440\" height=\"1920\" srcset=\"https:\/\/cetcen2c.ovh\/wp-content\/uploads\/2023\/01\/20230114_090721-Copier-rotated.jpg 810w, https:\/\/cetcen2c.ovh\/wp-content\/uploads\/2023\/01\/20230114_090721-Copier-225x300.jpg 225w, https:\/\/cetcen2c.ovh\/wp-content\/uploads\/2023\/01\/20230114_090721-Copier-768x1024.jpg 768w\" sizes=\"auto, (max-width: 1440px) 100vw, 1440px\" \/> <img loading=\"lazy\" decoding=\"async\" class=\"alignnone wp-image-7921\" src=\"https:\/\/cetcen2c.ovh\/wp-content\/uploads\/2023\/01\/20230114_091233-Copier-rotated.jpg\" alt=\"\" width=\"1440\" height=\"1920\" srcset=\"https:\/\/cetcen2c.ovh\/wp-content\/uploads\/2023\/01\/20230114_091233-Copier-rotated.jpg 810w, https:\/\/cetcen2c.ovh\/wp-content\/uploads\/2023\/01\/20230114_091233-Copier-225x300.jpg 225w, https:\/\/cetcen2c.ovh\/wp-content\/uploads\/2023\/01\/20230114_091233-Copier-768x1024.jpg 768w\" sizes=\"auto, (max-width: 1440px) 100vw, 1440px\" \/><strong>L&rsquo;avant du bateau par lequel on embarque<\/strong><\/h3>\n<h3><strong>D\u00e9barquement, contr\u00f4le Police et Douanes, passage du Camping Car au Scanner.<\/strong><\/h3>\n<h3><strong>Arriv\u00e9e \u00e0 l&rsquo;aire d&rsquo;accueil Campings Cars \u00e0 LARACHE \u00e0 16 h 30. Le compteur indique 90272KMS.<\/strong><\/h3>\n<h2 style=\"text-align: center;\"><strong><span style=\"color: #ff6600;\"><span style=\"color: #000000;\">SOIT 1 ETAPE de\u00a0<\/span> 144 KMS<\/span><\/strong><\/h2>\n<p>&nbsp;<\/p>\n<p style=\"text-align: center;\"><strong>\u00a7\u00a7\u00a7\u00a7\u00a7\u00a7\u00a7\u00a7\u00a7\u00a7\u00a7\u00a7\u00a7\u00a7\u00a7\u00a7\u00a7\u00a7\u00a7\u00a7<\/strong><\/p>\n<p>&nbsp;<\/p>\n<h1 style=\"text-align: center;\"><span style=\"color: #000000;\"><strong>Dimanche 15 JANVIER 2023<\/strong><\/span><\/h1>\n<p>&nbsp;<\/p>\n<h3><strong>Toujours \u00e0 LARACHE, achat et installation d&rsquo;une SIM Marocaine pour mon t\u00e9l\u00e9phone.<\/strong><\/h3>\n<h3><strong>Mon N\u00b0 de t\u00e9l\u00e9phone Marocain est le suivant :<\/strong><\/h3>\n<h2><span style=\"color: #993300;\"><strong> 06 80 33 31 64 <\/strong><\/span><\/h2>\n<h3><strong>et de la France vers le Maroc<\/strong><\/h3>\n<h2><span style=\"color: #993300;\"><strong> +212 6 80 33 31 64<\/strong>\u00a0<\/span><\/h2>\n<h1><\/h1>\n<h2 style=\"text-align: right;\"><strong><span style=\"color: #0000ff;\"><a style=\"color: #0000ff;\" href=\"https:\/\/cetcen2c.ovh\/index.php\/annee-2023\/annee-2023-2\/trajet-vers-le-maroc\/semaine-du-16-01-au-22-01\/\">Sem du 16\/01 au 22\/01<\/a><\/span><\/strong><\/h2>\n<h1><span style=\"color: #ff99cc;\"> \u00a0 <\/span><\/h1>\n<p>&nbsp;<\/p>\n","protected":false},"excerpt":{"rendered":"<p>Vous pouvez cliquer sur la semaine de votre choix Sem du 16\/01 au 22\/01 Sem du 23\/01 au 29\/01 Sem du 30\/01 au 05\/02 Sem du 06\/02 au 12\/02 Sem du 13\/02 au 19\/02 Sem du 20\/02 au 26\/02 Sem &hellip; <a href=\"https:\/\/cetcen2c.ovh\/index.php\/annee-2023\/semaine-du-11-01au-15-01\/\">Continuer la lecture <span class=\"meta-nav\">&rarr;<\/span><\/a><\/p>\n","protected":false},"author":1,"featured_media":0,"parent":7804,"menu_order":3,"comment_status":"closed","ping_status":"closed","template":"fullwidth-page.php","meta":{"footnotes":""},"class_list":["post-7820","page","type-page","status-publish","hentry"],"_links":{"self":[{"href":"https:\/\/cetcen2c.ovh\/index.php\/wp-json\/wp\/v2\/pages\/7820","targetHints":{"allow":["GET"]}}],"collection":[{"href":"https:\/\/cetcen2c.ovh\/index.php\/wp-json\/wp\/v2\/pages"}],"about":[{"href":"https:\/\/cetcen2c.ovh\/index.php\/wp-json\/wp\/v2\/types\/page"}],"author":[{"embeddable":true,"href":"https:\/\/cetcen2c.ovh\/index.php\/wp-json\/wp\/v2\/users\/1"}],"replies":[{"embeddable":true,"href":"https:\/\/cetcen2c.ovh\/index.php\/wp-json\/wp\/v2\/comments?post=7820"}],"version-history":[{"count":39,"href":"https:\/\/cetcen2c.ovh\/index.php\/wp-json\/wp\/v2\/pages\/7820\/revisions"}],"predecessor-version":[{"id":8752,"href":"https:\/\/cetcen2c.ovh\/index.php\/wp-json\/wp\/v2\/pages\/7820\/revisions\/8752"}],"up":[{"embeddable":true,"href":"https:\/\/cetcen2c.ovh\/index.php\/wp-json\/wp\/v2\/pages\/7804"}],"wp:attachment":[{"href":"https:\/\/cetcen2c.ovh\/index.php\/wp-json\/wp\/v2\/media?parent=7820"}],"curies":[{"name":"wp","href":"https:\/\/api.w.org\/{rel}","templated":true}]}}