{"id":7794,"date":"2022-12-24T17:46:57","date_gmt":"2022-12-24T16:46:57","guid":{"rendered":"https:\/\/cetcen2c.ovh\/?page_id=7794"},"modified":"2023-02-15T17:24:09","modified_gmt":"2023-02-15T16:24:09","slug":"trajet-vers-le-maroc","status":"publish","type":"page","link":"https:\/\/cetcen2c.ovh\/index.php\/annee-2023\/trajet-vers-le-maroc\/","title":{"rendered":"Le Maroc"},"content":{"rendered":"<h3><a href=\"https:\/\/cetcen2c.ovh\/index.php\/annee-2023\/annee-2023-2\/trajet-vers-le-maroc\/\"><strong>bonjour, \u00e7a y est nous partons en direction de l&rsquo;Espagne, afin de prendre le bateau \u00e0 Alg\u00e9ciras,<\/strong><\/a><\/h3>\n<h3><a href=\"https:\/\/cetcen2c.ovh\/index.php\/annee-2023\/annee-2023-2\/trajet-vers-le-maroc\/\"><strong>Destination le Maroc<\/strong><\/a><\/h3>\n<p><a href=\"https:\/\/cetcen2c.ovh\/index.php\/annee-2023\/annee-2023-2\/trajet-vers-le-maroc\/sem-du-27-03-au-02-04\/\">Sem du 27\/03 au 02\/04<\/a><\/p>\n","protected":false},"excerpt":{"rendered":"<p>bonjour, \u00e7a y est nous partons en direction de l&rsquo;Espagne, afin de prendre le bateau \u00e0 Alg\u00e9ciras, Destination le Maroc Sem du 27\/03 au 02\/04<\/p>\n","protected":false},"author":1,"featured_media":0,"parent":7804,"menu_order":2,"comment_status":"closed","ping_status":"closed","template":"","meta":{"footnotes":""},"class_list":["post-7794","page","type-page","status-publish","hentry"],"_links":{"self":[{"href":"https:\/\/cetcen2c.ovh\/index.php\/wp-json\/wp\/v2\/pages\/7794","targetHints":{"allow":["GET"]}}],"collection":[{"href":"https:\/\/cetcen2c.ovh\/index.php\/wp-json\/wp\/v2\/pages"}],"about":[{"href":"https:\/\/cetcen2c.ovh\/index.php\/wp-json\/wp\/v2\/types\/page"}],"author":[{"embeddable":true,"href":"https:\/\/cetcen2c.ovh\/index.php\/wp-json\/wp\/v2\/users\/1"}],"replies":[{"embeddable":true,"href":"https:\/\/cetcen2c.ovh\/index.php\/wp-json\/wp\/v2\/comments?post=7794"}],"version-history":[{"count":8,"href":"https:\/\/cetcen2c.ovh\/index.php\/wp-json\/wp\/v2\/pages\/7794\/revisions"}],"predecessor-version":[{"id":8178,"href":"https:\/\/cetcen2c.ovh\/index.php\/wp-json\/wp\/v2\/pages\/7794\/revisions\/8178"}],"up":[{"embeddable":true,"href":"https:\/\/cetcen2c.ovh\/index.php\/wp-json\/wp\/v2\/pages\/7804"}],"wp:attachment":[{"href":"https:\/\/cetcen2c.ovh\/index.php\/wp-json\/wp\/v2\/media?parent=7794"}],"curies":[{"name":"wp","href":"https:\/\/api.w.org\/{rel}","templated":true}]}}