{"id":7754,"date":"2021-08-29T19:19:51","date_gmt":"2021-08-29T17:19:51","guid":{"rendered":"https:\/\/cetcen2c.ovh\/?page_id=7754"},"modified":"2023-01-16T21:24:02","modified_gmt":"2023-01-16T20:24:02","slug":"en-region-grand-est","status":"publish","type":"page","link":"https:\/\/cetcen2c.ovh\/index.php\/nos-voyages\/annee-2021\/en-region-grand-est\/","title":{"rendered":"En R\u00e9gion Grand-Est"},"content":{"rendered":"<h3>Quatri\u00e8me Sortie.<\/h3>\n<h1 style=\"text-align: center;\">Dimanche 22 AOUT 2021<\/h1>\n<p>&nbsp;<\/p>\n<h3>D\u00e9part Lacollonge \u00e0 12 H 30, arriv\u00e9e \u00e0 METZ \u00e0 15 h 45, stationnement sur l&rsquo;aire de campings cars, \u00e0 10 minutes du centre ville, un petit tour en ville avec le train touristique ( \u00e9lectrique ).<\/h3>\n<p>&nbsp;<\/p>\n<h1 style=\"text-align: center;\">LUNDI 23 AOUT 2021<\/h1>\n<p>&nbsp;<\/p>\n<h3>Objectif : refaire le circuit du petit train ex\u00e9cut\u00e9 la veille, \u00e0 pied.<\/h3>\n<h3>Visite du centre ville, du Temple, de la cath\u00e9drale, du march\u00e9 couvert, passage \u00e0 l&rsquo;office du tourisme, rue du Dragon, Mus\u00e9e de la Cour d&rsquo;Or, Mus\u00e9e Pompidou, la Gare etc&#8230;.<\/h3>\n<p>&nbsp;<\/p>\n<p>&nbsp;<\/p>\n","protected":false},"excerpt":{"rendered":"<p>Quatri\u00e8me Sortie. Dimanche 22 AOUT 2021 &nbsp; D\u00e9part Lacollonge \u00e0 12 H 30, arriv\u00e9e \u00e0 METZ \u00e0 15 h 45, stationnement sur l&rsquo;aire de campings cars, \u00e0 10 minutes du centre ville, un petit tour en ville avec le train &hellip; <a href=\"https:\/\/cetcen2c.ovh\/index.php\/nos-voyages\/annee-2021\/en-region-grand-est\/\">Continuer la lecture <span class=\"meta-nav\">&rarr;<\/span><\/a><\/p>\n","protected":false},"author":1,"featured_media":0,"parent":7017,"menu_order":5,"comment_status":"closed","ping_status":"closed","template":"","meta":{"footnotes":""},"class_list":["post-7754","page","type-page","status-publish","hentry"],"_links":{"self":[{"href":"https:\/\/cetcen2c.ovh\/index.php\/wp-json\/wp\/v2\/pages\/7754","targetHints":{"allow":["GET"]}}],"collection":[{"href":"https:\/\/cetcen2c.ovh\/index.php\/wp-json\/wp\/v2\/pages"}],"about":[{"href":"https:\/\/cetcen2c.ovh\/index.php\/wp-json\/wp\/v2\/types\/page"}],"author":[{"embeddable":true,"href":"https:\/\/cetcen2c.ovh\/index.php\/wp-json\/wp\/v2\/users\/1"}],"replies":[{"embeddable":true,"href":"https:\/\/cetcen2c.ovh\/index.php\/wp-json\/wp\/v2\/comments?post=7754"}],"version-history":[{"count":4,"href":"https:\/\/cetcen2c.ovh\/index.php\/wp-json\/wp\/v2\/pages\/7754\/revisions"}],"predecessor-version":[{"id":7758,"href":"https:\/\/cetcen2c.ovh\/index.php\/wp-json\/wp\/v2\/pages\/7754\/revisions\/7758"}],"up":[{"embeddable":true,"href":"https:\/\/cetcen2c.ovh\/index.php\/wp-json\/wp\/v2\/pages\/7017"}],"wp:attachment":[{"href":"https:\/\/cetcen2c.ovh\/index.php\/wp-json\/wp\/v2\/media?parent=7754"}],"curies":[{"name":"wp","href":"https:\/\/api.w.org\/{rel}","templated":true}]}}