{"id":46,"date":"2017-04-16T21:51:55","date_gmt":"2017-04-16T21:51:55","guid":{"rendered":"https:\/\/cetcencc.wordpress.com\/?page_id=46"},"modified":"2017-11-21T23:15:43","modified_gmt":"2017-11-21T22:15:43","slug":"allemagne","status":"publish","type":"page","link":"https:\/\/cetcen2c.ovh\/index.php\/nos-voyages\/annee-2017\/allemagne\/","title":{"rendered":"ALLEMAGNE &#8211; ALLER"},"content":{"rendered":"<p><img loading=\"lazy\" decoding=\"async\" class=\"alignnone size-full wp-image-75\" src=\"https:\/\/cetcencc.files.wordpress.com\/2017\/04\/captureallemagne.jpg\" alt=\"CaptureAllemagne\" width=\"657\" height=\"884\" srcset=\"https:\/\/cetcen2c.ovh\/wp-content\/uploads\/2017\/04\/captureallemagne.jpg 657w, https:\/\/cetcen2c.ovh\/wp-content\/uploads\/2017\/04\/captureallemagne-223x300.jpg 223w\" sizes=\"auto, (max-width: 657px) 100vw, 657px\" \/><\/p>\n<p><img loading=\"lazy\" decoding=\"async\" class=\"alignnone size-full wp-image-106\" src=\"https:\/\/cetcencc.files.wordpress.com\/2017\/04\/drapeau-allemend.jpg\" alt=\"drapeau allemend\" width=\"750\" height=\"750\" srcset=\"https:\/\/cetcen2c.ovh\/wp-content\/uploads\/2017\/04\/drapeau-allemend.jpg 750w, https:\/\/cetcen2c.ovh\/wp-content\/uploads\/2017\/04\/drapeau-allemend-150x150.jpg 150w, https:\/\/cetcen2c.ovh\/wp-content\/uploads\/2017\/04\/drapeau-allemend-300x300.jpg 300w, https:\/\/cetcen2c.ovh\/wp-content\/uploads\/2017\/04\/drapeau-allemend-100x100.jpg 100w\" sizes=\"auto, (max-width: 750px) 100vw, 750px\" \/><\/p>\n<p>&nbsp;<\/p>\n<p><span style=\"color: #000000;\"><strong>Beaucoup de bouchons en ce jour d&rsquo;ASCENSION, en Allemagne tous les parkings sur autoroute sont pris d&rsquo;assaut par les poids lourds, qui n&rsquo;ont pas l&rsquo;autorisation de circuler, donc pas beaucoup d&rsquo;espoir de vouloir s&rsquo;arr\u00eater pour une pause.<\/strong><\/span><\/p>\n<p><span style=\"color: #000000;\"><strong>Un accident vient d&rsquo;avoir lieu, apparemment un motard, pr\u00e9sence de l&rsquo;h\u00e9lico \u00e0 proximit\u00e9.<\/strong><\/span><\/p>\n<div id=\"attachment_1069\" style=\"width: 929px\" class=\"wp-caption alignnone\"><img loading=\"lazy\" decoding=\"async\" aria-describedby=\"caption-attachment-1069\" class=\"alignnone size-full wp-image-1069\" src=\"https:\/\/cetcen2c.ovh\/wp-content\/uploads\/2017\/10\/chalampc3a9_dachau.jpg\" alt=\"chalamp\u00e9_dachau\" width=\"919\" height=\"323\" srcset=\"https:\/\/cetcen2c.ovh\/wp-content\/uploads\/2017\/10\/chalampc3a9_dachau.jpg 919w, https:\/\/cetcen2c.ovh\/wp-content\/uploads\/2017\/10\/chalampc3a9_dachau-300x105.jpg 300w, https:\/\/cetcen2c.ovh\/wp-content\/uploads\/2017\/10\/chalampc3a9_dachau-768x270.jpg 768w\" sizes=\"auto, (max-width: 919px) 100vw, 919px\" \/><p id=\"caption-attachment-1069\" class=\"wp-caption-text\">CHALAMPE &#8211;&gt; DACHAU<\/p><\/div>\n<p><em><strong>Arriv\u00e9e au camp de<\/strong><\/em><span style=\"color: #0000ff;\"><em><strong> <a href=\"https:\/\/fr.wikipedia.org\/wiki\/Camp_de_concentration_de_Dachau\"><span style=\"color: #0000ff;\">DACHAU<\/span><\/a><\/strong><\/em><\/span><em><strong>, puis visite de ce camp.<\/strong><\/em><\/p>\n<p><img loading=\"lazy\" decoding=\"async\" class=\"alignnone size-full wp-image-150\" src=\"https:\/\/cetcencc.files.wordpress.com\/2017\/04\/dscn3775-copier.jpg\" alt=\"DSCN3775 (Copier)\" width=\"800\" height=\"450\" \/><img loading=\"lazy\" decoding=\"async\" class=\"alignnone size-full wp-image-194\" src=\"https:\/\/cetcencc.files.wordpress.com\/2017\/04\/dscn3852-copier.jpg\" alt=\"DSCN3852 (Copier)\" width=\"800\" height=\"450\" \/><\/p>\n<p><img loading=\"lazy\" decoding=\"async\" class=\"alignnone size-full wp-image-152\" src=\"https:\/\/cetcencc.files.wordpress.com\/2017\/04\/dscn3777-copier.jpg\" alt=\"DSCN3777 (Copier)\" width=\"800\" height=\"450\" \/><img loading=\"lazy\" decoding=\"async\" class=\"alignnone size-full wp-image-193\" src=\"https:\/\/cetcencc.files.wordpress.com\/2017\/04\/dscn3851-copier.jpg\" alt=\"DSCN3851 (Copier)\" width=\"800\" height=\"450\" \/><img loading=\"lazy\" decoding=\"async\" class=\"alignnone size-full wp-image-192\" src=\"https:\/\/cetcencc.files.wordpress.com\/2017\/04\/dscn3850-copier.jpg\" alt=\"DSCN3850 (Copier)\" width=\"800\" height=\"450\" \/><img loading=\"lazy\" decoding=\"async\" class=\"alignnone size-full wp-image-191\" src=\"https:\/\/cetcencc.files.wordpress.com\/2017\/04\/dscn3849-copier.jpg\" alt=\"DSCN3849 (Copier)\" width=\"800\" height=\"450\" \/><img loading=\"lazy\" decoding=\"async\" class=\"alignnone size-full wp-image-190\" src=\"https:\/\/cetcencc.files.wordpress.com\/2017\/04\/dscn3848-copier.jpg\" alt=\"DSCN3848 (Copier)\" width=\"800\" height=\"450\" \/><img loading=\"lazy\" decoding=\"async\" class=\"alignnone size-full wp-image-189\" src=\"https:\/\/cetcencc.files.wordpress.com\/2017\/04\/dscn3847-copier.jpg\" alt=\"DSCN3847 (Copier)\" width=\"800\" height=\"450\" \/><img loading=\"lazy\" decoding=\"async\" class=\"alignnone size-full wp-image-188\" src=\"https:\/\/cetcencc.files.wordpress.com\/2017\/04\/dscn3844-copier.jpg\" alt=\"DSCN3844 (Copier)\" width=\"800\" height=\"450\" \/><img loading=\"lazy\" decoding=\"async\" class=\"alignnone size-full wp-image-187\" src=\"https:\/\/cetcencc.files.wordpress.com\/2017\/04\/dscn3842-copier.jpg\" alt=\"DSCN3842 (Copier)\" width=\"800\" height=\"450\" \/><img loading=\"lazy\" decoding=\"async\" class=\"alignnone size-full wp-image-186\" src=\"https:\/\/cetcencc.files.wordpress.com\/2017\/04\/dscn3839-copier.jpg\" alt=\"DSCN3839 (Copier)\" width=\"800\" height=\"450\" \/><img loading=\"lazy\" decoding=\"async\" class=\"alignnone size-full wp-image-185\" src=\"https:\/\/cetcencc.files.wordpress.com\/2017\/04\/dscn3838-copier.jpg\" alt=\"DSCN3838 (Copier)\" width=\"800\" height=\"450\" \/><img loading=\"lazy\" decoding=\"async\" class=\"alignnone size-full wp-image-184\" src=\"https:\/\/cetcencc.files.wordpress.com\/2017\/04\/dscn3836-copier.jpg\" alt=\"DSCN3836 (Copier)\" width=\"800\" height=\"450\" \/><img loading=\"lazy\" decoding=\"async\" class=\"alignnone size-full wp-image-183\" src=\"https:\/\/cetcencc.files.wordpress.com\/2017\/04\/dscn3835-copier.jpg\" alt=\"DSCN3835 (Copier)\" width=\"800\" height=\"450\" \/><img loading=\"lazy\" decoding=\"async\" class=\"alignnone size-full wp-image-182\" src=\"https:\/\/cetcencc.files.wordpress.com\/2017\/04\/dscn3834-copier.jpg\" alt=\"DSCN3834 (Copier)\" width=\"800\" height=\"450\" \/><img loading=\"lazy\" decoding=\"async\" class=\"alignnone size-full wp-image-181\" src=\"https:\/\/cetcencc.files.wordpress.com\/2017\/04\/dscn3833-copier.jpg\" alt=\"DSCN3833 (Copier)\" width=\"800\" height=\"450\" \/><img loading=\"lazy\" decoding=\"async\" class=\"alignnone size-full wp-image-180\" src=\"https:\/\/cetcencc.files.wordpress.com\/2017\/04\/dscn3832-copier.jpg\" alt=\"DSCN3832 (Copier)\" width=\"800\" height=\"450\" \/><img loading=\"lazy\" decoding=\"async\" class=\"alignnone size-full wp-image-179\" src=\"https:\/\/cetcencc.files.wordpress.com\/2017\/04\/dscn3831-copier.jpg\" alt=\"DSCN3831 (Copier)\" width=\"800\" height=\"450\" \/><img loading=\"lazy\" decoding=\"async\" class=\"alignnone size-full wp-image-178\" src=\"https:\/\/cetcencc.files.wordpress.com\/2017\/04\/dscn3830-copier.jpg\" alt=\"DSCN3830 (Copier)\" width=\"800\" height=\"450\" \/><img loading=\"lazy\" decoding=\"async\" class=\"alignnone size-full wp-image-177\" src=\"https:\/\/cetcencc.files.wordpress.com\/2017\/04\/dscn3829-copier.jpg\" alt=\"DSCN3829 (Copier)\" width=\"800\" height=\"450\" \/><img loading=\"lazy\" decoding=\"async\" class=\"alignnone size-full wp-image-176\" src=\"https:\/\/cetcencc.files.wordpress.com\/2017\/04\/dscn3827-copier.jpg\" alt=\"DSCN3827 (Copier)\" width=\"800\" height=\"450\" \/><img loading=\"lazy\" decoding=\"async\" class=\"alignnone size-full wp-image-175\" src=\"https:\/\/cetcencc.files.wordpress.com\/2017\/04\/dscn3826-copier.jpg\" alt=\"DSCN3826 (Copier)\" width=\"800\" height=\"450\" \/><img loading=\"lazy\" decoding=\"async\" class=\"alignnone size-full wp-image-174\" src=\"https:\/\/cetcencc.files.wordpress.com\/2017\/04\/dscn3825-copier.jpg\" alt=\"DSCN3825 (Copier)\" width=\"800\" height=\"450\" \/><img loading=\"lazy\" decoding=\"async\" class=\"alignnone size-full wp-image-173\" src=\"https:\/\/cetcencc.files.wordpress.com\/2017\/04\/dscn3824-copier.jpg\" alt=\"DSCN3824 (Copier)\" width=\"800\" height=\"450\" \/><img loading=\"lazy\" decoding=\"async\" class=\"alignnone size-full wp-image-172\" src=\"https:\/\/cetcencc.files.wordpress.com\/2017\/04\/dscn3823-copier.jpg\" alt=\"DSCN3823 (Copier)\" width=\"800\" height=\"450\" \/><img loading=\"lazy\" decoding=\"async\" class=\"alignnone size-full wp-image-171\" src=\"https:\/\/cetcencc.files.wordpress.com\/2017\/04\/dscn3822-copier.jpg\" alt=\"DSCN3822 (Copier)\" width=\"800\" height=\"450\" \/><img loading=\"lazy\" decoding=\"async\" class=\"alignnone size-full wp-image-170\" src=\"https:\/\/cetcencc.files.wordpress.com\/2017\/04\/dscn3821-copier.jpg\" alt=\"DSCN3821 (Copier)\" width=\"800\" height=\"450\" \/><img loading=\"lazy\" decoding=\"async\" class=\"alignnone size-full wp-image-169\" src=\"https:\/\/cetcencc.files.wordpress.com\/2017\/04\/dscn3819-copier.jpg\" alt=\"DSCN3819 (Copier)\" width=\"800\" height=\"450\" \/><img loading=\"lazy\" decoding=\"async\" class=\"alignnone size-full wp-image-168\" src=\"https:\/\/cetcencc.files.wordpress.com\/2017\/04\/dscn3809-copier.jpg\" alt=\"DSCN3809 (Copier)\" width=\"800\" height=\"450\" \/><img loading=\"lazy\" decoding=\"async\" class=\"alignnone size-full wp-image-167\" src=\"https:\/\/cetcencc.files.wordpress.com\/2017\/04\/dscn3805-copier.jpg\" alt=\"DSCN3805 (Copier)\" width=\"800\" height=\"450\" \/><img loading=\"lazy\" decoding=\"async\" class=\"alignnone size-full wp-image-166\" src=\"https:\/\/cetcencc.files.wordpress.com\/2017\/04\/dscn3799-copier.jpg\" alt=\"DSCN3799 (Copier)\" width=\"800\" height=\"450\" \/><img loading=\"lazy\" decoding=\"async\" class=\"alignnone size-full wp-image-165\" src=\"https:\/\/cetcencc.files.wordpress.com\/2017\/04\/dscn3797-copier.jpg\" alt=\"DSCN3797 (Copier)\" width=\"800\" height=\"450\" \/><img loading=\"lazy\" decoding=\"async\" class=\"alignnone size-full wp-image-164\" src=\"https:\/\/cetcencc.files.wordpress.com\/2017\/04\/dscn3796-copier.jpg\" alt=\"DSCN3796 (Copier)\" width=\"800\" height=\"450\" \/><img loading=\"lazy\" decoding=\"async\" class=\"alignnone size-full wp-image-163\" src=\"https:\/\/cetcencc.files.wordpress.com\/2017\/04\/dscn3795-copier.jpg\" alt=\"DSCN3795 (Copier)\" width=\"800\" height=\"450\" \/><img loading=\"lazy\" decoding=\"async\" class=\"alignnone size-full wp-image-162\" src=\"https:\/\/cetcencc.files.wordpress.com\/2017\/04\/dscn3794-copier.jpg\" alt=\"DSCN3794 (Copier)\" width=\"800\" height=\"450\" \/><img loading=\"lazy\" decoding=\"async\" class=\"alignnone size-full wp-image-161\" src=\"https:\/\/cetcencc.files.wordpress.com\/2017\/04\/dscn3793-copier.jpg\" alt=\"DSCN3793 (Copier)\" width=\"800\" height=\"450\" \/><img loading=\"lazy\" decoding=\"async\" class=\"alignnone size-full wp-image-160\" src=\"https:\/\/cetcencc.files.wordpress.com\/2017\/04\/dscn3790-copier.jpg\" alt=\"DSCN3790 (Copier)\" width=\"800\" height=\"450\" \/><img loading=\"lazy\" decoding=\"async\" class=\"alignnone size-full wp-image-159\" src=\"https:\/\/cetcencc.files.wordpress.com\/2017\/04\/dscn3787-copier.jpg\" alt=\"DSCN3787 (Copier)\" width=\"800\" height=\"450\" \/><img loading=\"lazy\" decoding=\"async\" class=\"alignnone size-full wp-image-158\" src=\"https:\/\/cetcencc.files.wordpress.com\/2017\/04\/dscn3786-copier.jpg\" alt=\"DSCN3786 (Copier)\" width=\"800\" height=\"450\" \/><img loading=\"lazy\" decoding=\"async\" class=\"alignnone size-full wp-image-157\" src=\"https:\/\/cetcencc.files.wordpress.com\/2017\/04\/dscn3785-copier.jpg\" alt=\"DSCN3785 (Copier)\" width=\"800\" height=\"450\" \/><img loading=\"lazy\" decoding=\"async\" class=\"alignnone size-full wp-image-156\" src=\"https:\/\/cetcencc.files.wordpress.com\/2017\/04\/dscn3784-copier.jpg\" alt=\"DSCN3784 (Copier)\" width=\"800\" height=\"450\" \/><img loading=\"lazy\" decoding=\"async\" class=\"alignnone size-full wp-image-155\" src=\"https:\/\/cetcencc.files.wordpress.com\/2017\/04\/dscn3783-copier.jpg\" alt=\"DSCN3783 (Copier)\" width=\"800\" height=\"450\" \/><img loading=\"lazy\" decoding=\"async\" class=\"alignnone size-full wp-image-154\" src=\"https:\/\/cetcencc.files.wordpress.com\/2017\/04\/dscn3780-copier.jpg\" alt=\"DSCN3780 (Copier)\" width=\"800\" height=\"450\" \/><strong><img loading=\"lazy\" decoding=\"async\" class=\"alignnone size-full wp-image-153\" src=\"https:\/\/cetcencc.files.wordpress.com\/2017\/04\/dscn3779-copier.jpg\" alt=\"DSCN3779 (Copier)\" width=\"800\" height=\"450\" \/><\/strong><\/p>\n<p><span style=\"color: #000000;\"><strong>Nous passeront la nuit sur le parking du camp de<a href=\"http:\/\/www.lefigaro.fr\/histoire\/archives\/2015\/04\/29\/26010-20150429ARTFIG00073-le-camp-de-dachau-est-libere-le-29-avril-1945.php\"><span style=\"color: #0000ff;\"> DACHAU<\/span><\/a>, car le gardien \u00e0 ferm\u00e9 la grille d&rsquo;acc\u00e8s vers 18 heures, donc il nous \u00e9tait plus possible de sortir.<\/strong><\/span><\/p>\n<p><span style=\"color: #000000;\"><strong>D\u00e9part le lendemain vers 11 heures pour la TCHEQUIE.<\/strong><\/span><\/p>\n<p><img loading=\"lazy\" decoding=\"async\" class=\"wp-image-1208 size-full aligncenter\" src=\"https:\/\/cetcen2c.ovh\/wp-content\/uploads\/2017\/10\/Trajet-02.jpeg\" alt=\"\" width=\"688\" height=\"132\" srcset=\"https:\/\/cetcen2c.ovh\/wp-content\/uploads\/2017\/10\/Trajet-02.jpeg 688w, https:\/\/cetcen2c.ovh\/wp-content\/uploads\/2017\/10\/Trajet-02-300x58.jpeg 300w\" sizes=\"auto, (max-width: 688px) 100vw, 688px\" \/><\/p>\n<p><span style=\"color: #ff6600;\"><em><strong>Cliquer sur : <a href=\"https:\/\/cetcen2c.ovh\/index.php\/nos-voyages\/annee-2017\/tchequie\/\"><span style=\"color: #0000ff;\">SUITE<\/span><\/a><\/strong><\/em><\/span><\/p>\n","protected":false},"excerpt":{"rendered":"<p>&nbsp; Beaucoup de bouchons en ce jour d&rsquo;ASCENSION, en Allemagne tous les parkings sur autoroute sont pris d&rsquo;assaut par les poids lourds, qui n&rsquo;ont pas l&rsquo;autorisation de circuler, donc pas beaucoup d&rsquo;espoir de vouloir s&rsquo;arr\u00eater pour une pause. Un accident &hellip; <a href=\"https:\/\/cetcen2c.ovh\/index.php\/nos-voyages\/annee-2017\/allemagne\/\">Continuer la lecture <span class=\"meta-nav\">&rarr;<\/span><\/a><\/p>\n","protected":false},"author":1,"featured_media":0,"parent":43,"menu_order":3,"comment_status":"closed","ping_status":"closed","template":"","meta":{"footnotes":""},"class_list":["post-46","page","type-page","status-publish","hentry"],"_links":{"self":[{"href":"https:\/\/cetcen2c.ovh\/index.php\/wp-json\/wp\/v2\/pages\/46","targetHints":{"allow":["GET"]}}],"collection":[{"href":"https:\/\/cetcen2c.ovh\/index.php\/wp-json\/wp\/v2\/pages"}],"about":[{"href":"https:\/\/cetcen2c.ovh\/index.php\/wp-json\/wp\/v2\/types\/page"}],"author":[{"embeddable":true,"href":"https:\/\/cetcen2c.ovh\/index.php\/wp-json\/wp\/v2\/users\/1"}],"replies":[{"embeddable":true,"href":"https:\/\/cetcen2c.ovh\/index.php\/wp-json\/wp\/v2\/comments?post=46"}],"version-history":[{"count":5,"href":"https:\/\/cetcen2c.ovh\/index.php\/wp-json\/wp\/v2\/pages\/46\/revisions"}],"predecessor-version":[{"id":1277,"href":"https:\/\/cetcen2c.ovh\/index.php\/wp-json\/wp\/v2\/pages\/46\/revisions\/1277"}],"up":[{"embeddable":true,"href":"https:\/\/cetcen2c.ovh\/index.php\/wp-json\/wp\/v2\/pages\/43"}],"wp:attachment":[{"href":"https:\/\/cetcen2c.ovh\/index.php\/wp-json\/wp\/v2\/media?parent=46"}],"curies":[{"name":"wp","href":"https:\/\/api.w.org\/{rel}","templated":true}]}}