{"id":43,"date":"2017-04-16T21:49:59","date_gmt":"2017-04-16T19:49:59","guid":{"rendered":"https:\/\/cetcencc.wordpress.com\/?page_id=43"},"modified":"2018-02-17T19:17:18","modified_gmt":"2018-02-17T18:17:18","slug":"annee-2017","status":"publish","type":"page","link":"https:\/\/cetcen2c.ovh\/index.php\/nos-voyages\/annee-2017\/","title":{"rendered":"Ann\u00e9e 2017"},"content":{"rendered":"<p><img loading=\"lazy\" decoding=\"async\" class=\"alignnone size-full wp-image-1085\" src=\"https:\/\/cetcen2c.ovh\/wp-content\/uploads\/2017\/10\/iti-global-2017.jpg\" alt=\"iti global 2017\" width=\"1090\" height=\"521\" srcset=\"https:\/\/cetcen2c.ovh\/wp-content\/uploads\/2017\/10\/iti-global-2017.jpg 1090w, https:\/\/cetcen2c.ovh\/wp-content\/uploads\/2017\/10\/iti-global-2017-300x143.jpg 300w, https:\/\/cetcen2c.ovh\/wp-content\/uploads\/2017\/10\/iti-global-2017-768x367.jpg 768w, https:\/\/cetcen2c.ovh\/wp-content\/uploads\/2017\/10\/iti-global-2017-1024x489.jpg 1024w\" sizes=\"auto, (max-width: 1090px) 100vw, 1090px\" \/><\/p>\n<p style=\"text-align: center;\"><span style=\"color: #000000;\"><em><strong>Circuit de 3226 Kms en 16 jours ( 25\/05\/2017 au 16\/06\/2017 )<\/strong><\/em><\/span><\/p>\n<p><img loading=\"lazy\" decoding=\"async\" class=\"alignnone size-full wp-image-1086\" src=\"https:\/\/cetcen2c.ovh\/wp-content\/uploads\/2017\/10\/iti01global2017.jpg\" alt=\"iti01global2017\" width=\"1121\" height=\"525\" srcset=\"https:\/\/cetcen2c.ovh\/wp-content\/uploads\/2017\/10\/iti01global2017.jpg 1121w, https:\/\/cetcen2c.ovh\/wp-content\/uploads\/2017\/10\/iti01global2017-300x140.jpg 300w, https:\/\/cetcen2c.ovh\/wp-content\/uploads\/2017\/10\/iti01global2017-768x360.jpg 768w, https:\/\/cetcen2c.ovh\/wp-content\/uploads\/2017\/10\/iti01global2017-1024x480.jpg 1024w\" sizes=\"auto, (max-width: 1121px) 100vw, 1121px\" \/><\/p>\n<p style=\"text-align: center;\"><span style=\"color: #000080;\"><em><strong>Mes appr\u00e9ciations personnelles :<\/strong><\/em><\/span><\/p>\n<p style=\"text-align: center;\"><strong>S.I. = Syndicat d&rsquo; Initiative.<\/strong><\/p>\n<p style=\"text-align: center;\"><strong>MON COUP DE GUEULE<\/strong><\/p>\n<p><span style=\"color: #ff0000;\"><em><strong>En ALLEMAGNE,\u00a0probl\u00e8me \u00a0de la langue.\u00a0\u00a0\u00a0<\/strong>\u00a0\u00a0\u00a0\u00a0\u00a0\u00a0\u00a0\u00a0\u00a0\u00a0\u00a0\u00a0\u00a0\u00a0\u00a0\u00a0\u00a0\u00a0\u00a0\u00a0\u00a0\u00a0\u00a0\u00a0\u00a0\u00a0\u00a0\u00a0\u00a0\u00a0\u00a0\u00a0\u00a0\u00a0\u00a0\u00a0\u00a0\u00a0\u00a0\u00a0\u00a0\u00a0\u00a0\u00a0\u00a0\u00a0\u00a0\u00a0\u00a0\u00a0\u00a0\u00a0\u00a0\u00a0\u00a0\u00a0\u00a0\u00a0\u00a0\u00a0\u00a0\u00a0\u00a0\u00a0\u00a0\u00a0\u00a0\u00a0\u00a0\u00a0\u00a0\u00a0\u00a0\u00a0\u00a0\u00a0 <\/em><\/span><\/p>\n<p><span style=\"color: #ff0000;\"><em><strong>S.I. pas de doc en fran\u00e7ais,<\/strong> <span style=\"color: #0000ff;\"><strong>c&rsquo;est inadmissible.<\/strong><\/span><\/em><\/span><\/p>\n<p><span style=\"color: #ff0000;\"><em><strong>En TCHEQUIE, probl\u00e8me de la langue, anglais ou allemand, argent = couronne tch\u00e8que, mais accepte l&rsquo;euros.\u00a0\u00a0\u00a0\u00a0\u00a0\u00a0\u00a0\u00a0\u00a0\u00a0\u00a0\u00a0\u00a0\u00a0\u00a0\u00a0\u00a0\u00a0\u00a0\u00a0\u00a0\u00a0\u00a0\u00a0\u00a0\u00a0\u00a0\u00a0\u00a0\u00a0\u00a0\u00a0\u00a0\u00a0\u00a0\u00a0\u00a0\u00a0\u00a0\u00a0\u00a0\u00a0\u00a0\u00a0\u00a0\u00a0\u00a0\u00a0\u00a0\u00a0\u00a0<\/strong>\u00a0\u00a0\u00a0\u00a0\u00a0\u00a0\u00a0\u00a0\u00a0\u00a0\u00a0\u00a0\u00a0\u00a0\u00a0\u00a0\u00a0\u00a0\u00a0\u00a0\u00a0\u00a0\u00a0\u00a0\u00a0\u00a0\u00a0\u00a0\u00a0\u00a0\u00a0\u00a0\u00a0\u00a0\u00a0\u00a0\u00a0\u00a0\u00a0\u00a0\u00a0\u00a0\u00a0\u00a0\u00a0\u00a0\u00a0 <\/em><\/span><\/p>\n<p><span style=\"color: #ff0000;\"><em><strong>S.I. pas de doc en fran\u00e7ais,<\/strong> <span style=\"color: #0000ff;\"><strong>c&rsquo;est inadmissible.<\/strong><\/span><\/em><\/span><\/p>\n<p><strong><span style=\"color: #ff0000;\"><em>En SLOVAQUIE, probl\u00e8me de la langue, anglais ou allemand, argent = euros.\u00a0\u00a0\u00a0\u00a0\u00a0\u00a0\u00a0\u00a0\u00a0\u00a0\u00a0\u00a0\u00a0<\/em><\/span><\/strong><\/p>\n<p><span style=\"color: #ff0000;\"><em><strong> S.I. pas de doc en fran\u00e7ais,<\/strong> <span style=\"color: #0000ff;\"><strong>c&rsquo;est inadmissible.<\/strong><\/span><\/em><\/span><\/p>\n<p><span style=\"color: #ff0000;\"><em><strong>En POLOGNE, probl\u00e8me de la langue, anglais ou allemand, argent = Zloty,<\/strong> <span style=\"color: #0000ff;\"><strong>refuse la<\/strong> <strong>monnaie europ\u00e9enne, c&rsquo;est inadmissible.\u00a0<\/strong><\/span>\u00a0\u00a0\u00a0\u00a0\u00a0\u00a0\u00a0\u00a0\u00a0\u00a0\u00a0\u00a0\u00a0\u00a0\u00a0\u00a0\u00a0\u00a0\u00a0\u00a0\u00a0\u00a0\u00a0\u00a0\u00a0\u00a0\u00a0\u00a0\u00a0\u00a0\u00a0\u00a0\u00a0\u00a0\u00a0\u00a0\u00a0\u00a0\u00a0\u00a0\u00a0\u00a0\u00a0\u00a0\u00a0\u00a0\u00a0\u00a0\u00a0\u00a0\u00a0\u00a0\u00a0\u00a0\u00a0\u00a0\u00a0\u00a0\u00a0\u00a0\u00a0\u00a0\u00a0\u00a0\u00a0\u00a0\u00a0\u00a0\u00a0\u00a0\u00a0\u00a0\u00a0\u00a0\u00a0\u00a0 <\/em><\/span><\/p>\n<p><span style=\"color: #ff0000;\"><em><strong>S.I. pas de doc en fran\u00e7ais,<\/strong> <span style=\"color: #0000ff;\"><strong>c&rsquo;est inadmissible.<\/strong><\/span><\/em><\/span><\/p>\n<p><span style=\"color: #ff0000;\"><em><strong>En TCHEQUIE,SLOVAQUIE,POLOGNE, le prix des campings avec \u00e9lectricit\u00e9 sont entre 20 et 30 \u20ac la journ\u00e9e,<\/strong> <span style=\"color: #0000ff;\"><strong>par rapport \u00e0 leurs salaires c&rsquo;est \u00e9norme.<\/strong> <\/span><\/em><\/span><\/p>\n<p><span style=\"color: #ff0000;\"><em><span style=\"color: #0000ff;\"><strong>Pour moi, \u00e9galement.<\/strong><\/span>\u00a0\u00a0\u00a0\u00a0\u00a0\u00a0\u00a0\u00a0\u00a0\u00a0\u00a0\u00a0\u00a0\u00a0\u00a0\u00a0\u00a0\u00a0\u00a0\u00a0\u00a0\u00a0\u00a0\u00a0\u00a0\u00a0\u00a0\u00a0\u00a0\u00a0\u00a0\u00a0\u00a0\u00a0\u00a0\u00a0\u00a0\u00a0\u00a0\u00a0\u00a0\u00a0\u00a0\u00a0\u00a0\u00a0\u00a0\u00a0\u00a0\u00a0\u00a0\u00a0\u00a0\u00a0\u00a0\u00a0\u00a0\u00a0\u00a0\u00a0\u00a0\u00a0\u00a0\u00a0\u00a0\u00a0\u00a0\u00a0\u00a0\u00a0\u00a0\u00a0\u00a0\u00a0\u00a0\u00a0\u00a0\u00a0\u00a0\u00a0\u00a0\u00a0\u00a0\u00a0\u00a0\u00a0\u00a0\u00a0\u00a0\u00a0\u00a0\u00a0\u00a0\u00a0\u00a0\u00a0\u00a0\u00a0\u00a0\u00a0\u00a0\u00a0<\/em><\/span><\/p>\n<p><strong><span style=\"color: #ff0000;\"><em>Touristes rencontr\u00e9s, des allemands et des hollandais, tr\u00e8s peu de fran\u00e7ais. <\/em><\/span><\/strong><\/p>\n<p><strong><span style=\"color: #ff0000;\"><em>A AUSCHWITZ, le jour ou j&rsquo;ai visit\u00e9, il y avait 40 BUS, soit environ 2400 personnes, nous \u00e9tions 5 francophones, 3 fran\u00e7ais et 2 belges. Chaque Guide avait un groupe de 15 personnes, le groupe \u00e0 \u00e9t\u00e9 compl\u00e9t\u00e9 par 10 italiens comprenant le fran\u00e7ais.<\/em><\/span><\/strong><\/p>\n<p><span style=\"color: #000000;\"><strong>S\u00e9jour dans ces 3 pays \u00e9court\u00e9, trop cher, panne GPS, ma mini box internet en panne, enfin quoi, la totale.<\/strong><\/span><\/p>\n<p><em><span style=\"color: #000000;\"><strong>Mais \u00e0 refaire dans d&rsquo;autres conditions : Traducteur de langue et GPS en secours avec le t\u00e9l\u00e9phone connect\u00e9 \u00e0 INTERNET.<\/strong><\/span><\/em><\/p>\n<p style=\"text-align: center;\"><span style=\"color: #0000ff;\"><em><strong>Merci de votre visite<\/strong><\/em><\/span><\/p>\n<p>&nbsp;<\/p>\n<p>&nbsp;<\/p>\n<p>&nbsp;<\/p>\n<p>&nbsp;<\/p>\n<p>&nbsp;<\/p>\n<p>&nbsp;<\/p>\n<p>&nbsp;<\/p>\n<p>&nbsp;<\/p>\n<p>&nbsp;<\/p>\n<p>&nbsp;<\/p>\n<p>&nbsp;<\/p>\n<p>&nbsp;<\/p>\n<p>&nbsp;<\/p>\n<p>&nbsp;<\/p>\n","protected":false},"excerpt":{"rendered":"<p>Circuit de 3226 Kms en 16 jours ( 25\/05\/2017 au 16\/06\/2017 ) Mes appr\u00e9ciations personnelles : S.I. = Syndicat d&rsquo; Initiative. MON COUP DE GUEULE En ALLEMAGNE,\u00a0probl\u00e8me \u00a0de la langue.\u00a0\u00a0\u00a0\u00a0\u00a0\u00a0\u00a0\u00a0\u00a0\u00a0\u00a0\u00a0\u00a0\u00a0\u00a0\u00a0\u00a0\u00a0\u00a0\u00a0\u00a0\u00a0\u00a0\u00a0\u00a0\u00a0\u00a0\u00a0\u00a0\u00a0\u00a0\u00a0\u00a0\u00a0\u00a0\u00a0\u00a0\u00a0\u00a0\u00a0\u00a0\u00a0\u00a0\u00a0\u00a0\u00a0\u00a0\u00a0\u00a0\u00a0\u00a0\u00a0\u00a0\u00a0\u00a0\u00a0\u00a0\u00a0\u00a0\u00a0\u00a0\u00a0\u00a0\u00a0\u00a0\u00a0\u00a0\u00a0\u00a0\u00a0\u00a0\u00a0\u00a0\u00a0\u00a0\u00a0\u00a0\u00a0\u00a0 S.I. pas de doc en fran\u00e7ais, c&rsquo;est inadmissible. En TCHEQUIE, &hellip; <a href=\"https:\/\/cetcen2c.ovh\/index.php\/nos-voyages\/annee-2017\/\">Continuer la lecture <span class=\"meta-nav\">&rarr;<\/span><\/a><\/p>\n","protected":false},"author":1,"featured_media":0,"parent":21,"menu_order":1,"comment_status":"closed","ping_status":"closed","template":"fullwidth-page.php","meta":{"footnotes":""},"class_list":["post-43","page","type-page","status-publish","hentry"],"_links":{"self":[{"href":"https:\/\/cetcen2c.ovh\/index.php\/wp-json\/wp\/v2\/pages\/43","targetHints":{"allow":["GET"]}}],"collection":[{"href":"https:\/\/cetcen2c.ovh\/index.php\/wp-json\/wp\/v2\/pages"}],"about":[{"href":"https:\/\/cetcen2c.ovh\/index.php\/wp-json\/wp\/v2\/types\/page"}],"author":[{"embeddable":true,"href":"https:\/\/cetcen2c.ovh\/index.php\/wp-json\/wp\/v2\/users\/1"}],"replies":[{"embeddable":true,"href":"https:\/\/cetcen2c.ovh\/index.php\/wp-json\/wp\/v2\/comments?post=43"}],"version-history":[{"count":2,"href":"https:\/\/cetcen2c.ovh\/index.php\/wp-json\/wp\/v2\/pages\/43\/revisions"}],"predecessor-version":[{"id":1357,"href":"https:\/\/cetcen2c.ovh\/index.php\/wp-json\/wp\/v2\/pages\/43\/revisions\/1357"}],"up":[{"embeddable":true,"href":"https:\/\/cetcen2c.ovh\/index.php\/wp-json\/wp\/v2\/pages\/21"}],"wp:attachment":[{"href":"https:\/\/cetcen2c.ovh\/index.php\/wp-json\/wp\/v2\/media?parent=43"}],"curies":[{"name":"wp","href":"https:\/\/api.w.org\/{rel}","templated":true}]}}