{"id":1767,"date":"2018-02-06T22:37:06","date_gmt":"2018-02-06T21:37:06","guid":{"rendered":"http:\/\/cetcen2c.ovh\/?page_id=1767"},"modified":"2018-04-18T23:18:26","modified_gmt":"2018-04-18T21:18:26","slug":"maroc-12","status":"publish","type":"page","link":"https:\/\/cetcen2c.ovh\/index.php\/nos-voyages\/2017-2\/maroc-06\/maroc-12\/","title":{"rendered":"MAROC &#8211; 12"},"content":{"rendered":"<h2 style=\"text-align: center;\"><a href=\"https:\/\/cetcen2c.ovh\/index.php\/nos-voyages\/2017-2\/maroc-05\/maroc-11\/\"><span style=\"color: #0000ff;\">Semaine Pr\u00e9c\u00e9dente<\/span><\/a><\/h2>\n<h3 style=\"text-align: center;\"><span style=\"color: #ff0000;\"><strong>MAROC &#8211; 12 = P\u00e9riode du 16 au 16 Avril 2018<\/strong><\/span><\/h3>\n<h2><span style=\"color: #339966;\"><em><strong>LUNDI 16 AVRIL :<\/strong><\/em><\/span><\/h2>\n<h4><span style=\"color: #339966;\"><strong>LARACHE \u2013 Aire de CC \u2013 Espace Ostal Ecologique&#8211;&gt; LOS BARRIOS (ESP)<\/strong><\/span><\/h4>\n<p style=\"text-align: center;\"><strong><span style=\"color: #000000;\">Kms Compteur 50136 &#8211; Soit une distance totale parcourue de 6803 Kms<\/span><\/strong><\/p>\n<p><img loading=\"lazy\" decoding=\"async\" class=\"size-full wp-image-3468 aligncenter\" src=\"https:\/\/cetcen2c.ovh\/wp-content\/uploads\/2018\/04\/Larache-los-barrios.jpg\" alt=\"\" width=\"590\" height=\"617\" srcset=\"https:\/\/cetcen2c.ovh\/wp-content\/uploads\/2018\/04\/Larache-los-barrios.jpg 590w, https:\/\/cetcen2c.ovh\/wp-content\/uploads\/2018\/04\/Larache-los-barrios-287x300.jpg 287w\" sizes=\"auto, (max-width: 590px) 100vw, 590px\" \/><\/p>\n<p style=\"text-align: center;\"><span style=\"color: #000000;\"><strong>Soit une \u00e9tape de 156 Kms\u00a0<\/strong><\/span><\/p>\n<h4><strong><span style=\"color: #000000;\">Belle journ\u00e9e ensoleill\u00e9e, pr\u00e9paration du d\u00e9part pour TANGER-MED.<\/span><\/strong><\/h4>\n<h4><strong><span style=\"color: #000000;\">D\u00e9part vers 13 heures, arriv\u00e9e au Port de TANGER-MED vers 14 h 30. J\u2019ai \u00e9t\u00e9 retirer mes billets de retour, au guichet BALEARIA pour un d\u00e9part pr\u00e9vu Mardi \u00e0 8 heures du matin. Le guichetier me dit que c\u2019est impossible, car il ne d\u00e9livre que des billets du jour pour un d\u00e9part \u00e0 18 heures. Donc, pour partir demain matin \u00e0 8 h, il faut que je vienne chercher mes billets \u00e0 partir de 4 h 30 du matin, <em>mais il est<\/em> <em>malade ce mec, se lever \u00e0 4 h du mat, c\u2019est mission impossible.<\/em> Allez tu me d\u00e9livre mes billets pour le d\u00e9part de 18 heures, pas de probl\u00e8me. Les billets en poche, je parts faire mon parcours du combattant \u00e0 savoir que sans billet, on ne rentre pas dans le port, ensuite il faut faire viser les passeports, ensuite passer \u00e0 la Douane pour valider la sortie du territoire marocain du v\u00e9hicule, ensuite passer le v\u00e9hicule au Scanner, pour la d\u00e9tection de\u00a0 n\u2019importe quels \u00eatres vivants. Tout \u00e7a \u00e0 pris 3 heures et 10 mn, je suis donc arriv\u00e9 au bateau \u00e0 18 h 10, et le bateau est parti \u00e0 19 h 30, soit 1 h 30 de retard. Il y avait 5 guichets, pour les formalit\u00e9s de Police. Un seul guichet pour les formalit\u00e9s de Douane, d\u2019o\u00f9 un encombrement monstre, imagin\u00e9 5 files de v\u00e9hicules, se transformant en 1 seul file pour passer au seul guichet de Douane, <em>Tut tut\u2026 Pouet pouet\u2026<\/em>, je n\u2019ai jamais vu cela, il parait que c\u2019est tout les Lundis comme \u00e7a\u00a0? Mais en fait, pourquoi un seul guichet de Douane, eh bien ce guichet \u00e9tait largement suffisant, car le blocage des files \u00e9tait du au Scanner, tous les v\u00e9hicules sont pass\u00e9s au Scanner, un par un, et tous les lundis il y a un surplus de v\u00e9hicules, pourquoi\u00a0????<\/span><\/strong><\/h4>\n<h4><strong><span style=\"color: #000000;\">La r\u00e9compense, on a eu un superbe bateau le D.C. CREATIVA<\/span><\/strong><\/h4>\n<h4><strong><span style=\"color: #000000;\">Arriv\u00e9e \u00e0 ALGECIRAS \u00e0 20 h 30, et nous allons passer la nuit sur le Parking GUTTIERREZ, pour un nouveau d\u00e9part demain matin.<\/span><\/strong><\/h4>\n<p style=\"text-align: center;\"><em><strong><span style=\"color: #000000;\">La photo souvenir, passage des 50000 Kms de notre compagnon de voyage, <\/span><\/strong><\/em><\/p>\n<p style=\"text-align: center;\"><em><strong><span style=\"color: #000000;\">entr\u00e9e Autoroute LARACHE &#8211;&gt; TANGER-MED<\/span><\/strong><\/em><\/p>\n<p><img loading=\"lazy\" decoding=\"async\" class=\"alignnone size-full wp-image-3446\" src=\"https:\/\/cetcen2c.ovh\/wp-content\/uploads\/2018\/04\/DSCN6412-Copier.jpg\" alt=\"\" width=\"800\" height=\"600\" srcset=\"https:\/\/cetcen2c.ovh\/wp-content\/uploads\/2018\/04\/DSCN6412-Copier.jpg 800w, https:\/\/cetcen2c.ovh\/wp-content\/uploads\/2018\/04\/DSCN6412-Copier-300x225.jpg 300w, https:\/\/cetcen2c.ovh\/wp-content\/uploads\/2018\/04\/DSCN6412-Copier-768x576.jpg 768w\" sizes=\"auto, (max-width: 800px) 100vw, 800px\" \/><\/p>\n<p style=\"text-align: center;\"><em><strong><span style=\"color: #000000;\">Entr\u00e9e Autoroute LARACHE &#8211;&gt; TANGER-MED<\/span><\/strong><\/em><\/p>\n<p><img loading=\"lazy\" decoding=\"async\" class=\"alignnone size-full wp-image-3447\" src=\"https:\/\/cetcen2c.ovh\/wp-content\/uploads\/2018\/04\/DSCN6413-Copier.jpg\" alt=\"\" width=\"800\" height=\"600\" srcset=\"https:\/\/cetcen2c.ovh\/wp-content\/uploads\/2018\/04\/DSCN6413-Copier.jpg 800w, https:\/\/cetcen2c.ovh\/wp-content\/uploads\/2018\/04\/DSCN6413-Copier-300x225.jpg 300w, https:\/\/cetcen2c.ovh\/wp-content\/uploads\/2018\/04\/DSCN6413-Copier-768x576.jpg 768w\" sizes=\"auto, (max-width: 800px) 100vw, 800px\" \/><\/p>\n<p style=\"text-align: center;\"><em><strong><span style=\"color: #000000;\">Port de TANGER-MED , attente Poste de Police<\/span><\/strong><\/em><\/p>\n<p><img loading=\"lazy\" decoding=\"async\" class=\"alignnone size-full wp-image-3448\" src=\"https:\/\/cetcen2c.ovh\/wp-content\/uploads\/2018\/04\/DSCN6414-Copier.jpg\" alt=\"\" width=\"800\" height=\"600\" srcset=\"https:\/\/cetcen2c.ovh\/wp-content\/uploads\/2018\/04\/DSCN6414-Copier.jpg 800w, https:\/\/cetcen2c.ovh\/wp-content\/uploads\/2018\/04\/DSCN6414-Copier-300x225.jpg 300w, https:\/\/cetcen2c.ovh\/wp-content\/uploads\/2018\/04\/DSCN6414-Copier-768x576.jpg 768w\" sizes=\"auto, (max-width: 800px) 100vw, 800px\" \/> <img loading=\"lazy\" decoding=\"async\" class=\"alignnone size-full wp-image-3449\" src=\"https:\/\/cetcen2c.ovh\/wp-content\/uploads\/2018\/04\/DSCN6417-Copier.jpg\" alt=\"\" width=\"800\" height=\"600\" srcset=\"https:\/\/cetcen2c.ovh\/wp-content\/uploads\/2018\/04\/DSCN6417-Copier.jpg 800w, https:\/\/cetcen2c.ovh\/wp-content\/uploads\/2018\/04\/DSCN6417-Copier-300x225.jpg 300w, https:\/\/cetcen2c.ovh\/wp-content\/uploads\/2018\/04\/DSCN6417-Copier-768x576.jpg 768w\" sizes=\"auto, (max-width: 800px) 100vw, 800px\" \/><\/p>\n<p style=\"text-align: center;\"><em><strong><span style=\"color: #000000;\">Arriv\u00e9e de notre bateau<\/span><\/strong><\/em><\/p>\n<p><img loading=\"lazy\" decoding=\"async\" class=\"alignnone size-full wp-image-3450\" src=\"https:\/\/cetcen2c.ovh\/wp-content\/uploads\/2018\/04\/DSCN6419-Copier.jpg\" alt=\"\" width=\"800\" height=\"600\" srcset=\"https:\/\/cetcen2c.ovh\/wp-content\/uploads\/2018\/04\/DSCN6419-Copier.jpg 800w, https:\/\/cetcen2c.ovh\/wp-content\/uploads\/2018\/04\/DSCN6419-Copier-300x225.jpg 300w, https:\/\/cetcen2c.ovh\/wp-content\/uploads\/2018\/04\/DSCN6419-Copier-768x576.jpg 768w\" sizes=\"auto, (max-width: 800px) 100vw, 800px\" \/><\/p>\n<p style=\"text-align: center;\"><em><strong><span style=\"color: #000000;\">L&rsquo;int\u00e9rieur de notre bateau<\/span><\/strong><\/em><\/p>\n<p><img loading=\"lazy\" decoding=\"async\" class=\"alignnone size-full wp-image-3451\" src=\"https:\/\/cetcen2c.ovh\/wp-content\/uploads\/2018\/04\/DSCN6421-Copier.jpg\" alt=\"\" width=\"800\" height=\"600\" srcset=\"https:\/\/cetcen2c.ovh\/wp-content\/uploads\/2018\/04\/DSCN6421-Copier.jpg 800w, https:\/\/cetcen2c.ovh\/wp-content\/uploads\/2018\/04\/DSCN6421-Copier-300x225.jpg 300w, https:\/\/cetcen2c.ovh\/wp-content\/uploads\/2018\/04\/DSCN6421-Copier-768x576.jpg 768w\" sizes=\"auto, (max-width: 800px) 100vw, 800px\" \/> <img loading=\"lazy\" decoding=\"async\" class=\"alignnone size-full wp-image-3452\" src=\"https:\/\/cetcen2c.ovh\/wp-content\/uploads\/2018\/04\/DSCN6422-Copier.jpg\" alt=\"\" width=\"800\" height=\"600\" srcset=\"https:\/\/cetcen2c.ovh\/wp-content\/uploads\/2018\/04\/DSCN6422-Copier.jpg 800w, https:\/\/cetcen2c.ovh\/wp-content\/uploads\/2018\/04\/DSCN6422-Copier-300x225.jpg 300w, https:\/\/cetcen2c.ovh\/wp-content\/uploads\/2018\/04\/DSCN6422-Copier-768x576.jpg 768w\" sizes=\"auto, (max-width: 800px) 100vw, 800px\" \/> <img loading=\"lazy\" decoding=\"async\" class=\"alignnone size-full wp-image-3453\" src=\"https:\/\/cetcen2c.ovh\/wp-content\/uploads\/2018\/04\/DSCN6423-Copier.jpg\" alt=\"\" width=\"800\" height=\"600\" srcset=\"https:\/\/cetcen2c.ovh\/wp-content\/uploads\/2018\/04\/DSCN6423-Copier.jpg 800w, https:\/\/cetcen2c.ovh\/wp-content\/uploads\/2018\/04\/DSCN6423-Copier-300x225.jpg 300w, https:\/\/cetcen2c.ovh\/wp-content\/uploads\/2018\/04\/DSCN6423-Copier-768x576.jpg 768w\" sizes=\"auto, (max-width: 800px) 100vw, 800px\" \/><\/p>\n<p style=\"text-align: center;\"><em><strong><span style=\"color: #000000;\">La chemin\u00e9e de notre bateau<\/span><\/strong><\/em><\/p>\n<p><img loading=\"lazy\" decoding=\"async\" class=\"alignnone size-full wp-image-3454\" src=\"https:\/\/cetcen2c.ovh\/wp-content\/uploads\/2018\/04\/DSCN6424-Copier.jpg\" alt=\"\" width=\"800\" height=\"600\" srcset=\"https:\/\/cetcen2c.ovh\/wp-content\/uploads\/2018\/04\/DSCN6424-Copier.jpg 800w, https:\/\/cetcen2c.ovh\/wp-content\/uploads\/2018\/04\/DSCN6424-Copier-300x225.jpg 300w, https:\/\/cetcen2c.ovh\/wp-content\/uploads\/2018\/04\/DSCN6424-Copier-768x576.jpg 768w\" sizes=\"auto, (max-width: 800px) 100vw, 800px\" \/><\/p>\n<p style=\"text-align: center;\"><em><strong><span style=\"color: #000000;\">Des campings cars en attente d&#8217;embarquement<\/span><\/strong><\/em><\/p>\n<p><img loading=\"lazy\" decoding=\"async\" class=\"alignnone size-full wp-image-3455\" src=\"https:\/\/cetcen2c.ovh\/wp-content\/uploads\/2018\/04\/DSCN6425-Copier.jpg\" alt=\"\" width=\"800\" height=\"600\" srcset=\"https:\/\/cetcen2c.ovh\/wp-content\/uploads\/2018\/04\/DSCN6425-Copier.jpg 800w, https:\/\/cetcen2c.ovh\/wp-content\/uploads\/2018\/04\/DSCN6425-Copier-300x225.jpg 300w, https:\/\/cetcen2c.ovh\/wp-content\/uploads\/2018\/04\/DSCN6425-Copier-768x576.jpg 768w\" sizes=\"auto, (max-width: 800px) 100vw, 800px\" \/> <img loading=\"lazy\" decoding=\"async\" class=\"alignnone size-full wp-image-3456\" src=\"https:\/\/cetcen2c.ovh\/wp-content\/uploads\/2018\/04\/DSCN6426-Copier.jpg\" alt=\"\" width=\"800\" height=\"600\" srcset=\"https:\/\/cetcen2c.ovh\/wp-content\/uploads\/2018\/04\/DSCN6426-Copier.jpg 800w, https:\/\/cetcen2c.ovh\/wp-content\/uploads\/2018\/04\/DSCN6426-Copier-300x225.jpg 300w, https:\/\/cetcen2c.ovh\/wp-content\/uploads\/2018\/04\/DSCN6426-Copier-768x576.jpg 768w\" sizes=\"auto, (max-width: 800px) 100vw, 800px\" \/> <img loading=\"lazy\" decoding=\"async\" class=\"alignnone size-full wp-image-3457\" src=\"https:\/\/cetcen2c.ovh\/wp-content\/uploads\/2018\/04\/DSCN6427-Copier.jpg\" alt=\"\" width=\"800\" height=\"600\" srcset=\"https:\/\/cetcen2c.ovh\/wp-content\/uploads\/2018\/04\/DSCN6427-Copier.jpg 800w, https:\/\/cetcen2c.ovh\/wp-content\/uploads\/2018\/04\/DSCN6427-Copier-300x225.jpg 300w, https:\/\/cetcen2c.ovh\/wp-content\/uploads\/2018\/04\/DSCN6427-Copier-768x576.jpg 768w\" sizes=\"auto, (max-width: 800px) 100vw, 800px\" \/> <img loading=\"lazy\" decoding=\"async\" class=\"alignnone size-full wp-image-3458\" src=\"https:\/\/cetcen2c.ovh\/wp-content\/uploads\/2018\/04\/DSCN6428-Copier.jpg\" alt=\"\" width=\"800\" height=\"600\" srcset=\"https:\/\/cetcen2c.ovh\/wp-content\/uploads\/2018\/04\/DSCN6428-Copier.jpg 800w, https:\/\/cetcen2c.ovh\/wp-content\/uploads\/2018\/04\/DSCN6428-Copier-300x225.jpg 300w, https:\/\/cetcen2c.ovh\/wp-content\/uploads\/2018\/04\/DSCN6428-Copier-768x576.jpg 768w\" sizes=\"auto, (max-width: 800px) 100vw, 800px\" \/> <img loading=\"lazy\" decoding=\"async\" class=\"alignnone size-full wp-image-3459\" src=\"https:\/\/cetcen2c.ovh\/wp-content\/uploads\/2018\/04\/DSCN6429-Copier.jpg\" alt=\"\" width=\"800\" height=\"600\" srcset=\"https:\/\/cetcen2c.ovh\/wp-content\/uploads\/2018\/04\/DSCN6429-Copier.jpg 800w, https:\/\/cetcen2c.ovh\/wp-content\/uploads\/2018\/04\/DSCN6429-Copier-300x225.jpg 300w, https:\/\/cetcen2c.ovh\/wp-content\/uploads\/2018\/04\/DSCN6429-Copier-768x576.jpg 768w\" sizes=\"auto, (max-width: 800px) 100vw, 800px\" \/> <img loading=\"lazy\" decoding=\"async\" class=\"alignnone size-full wp-image-3460\" src=\"https:\/\/cetcen2c.ovh\/wp-content\/uploads\/2018\/04\/DSCN6430-Copier.jpg\" alt=\"\" width=\"800\" height=\"600\" srcset=\"https:\/\/cetcen2c.ovh\/wp-content\/uploads\/2018\/04\/DSCN6430-Copier.jpg 800w, https:\/\/cetcen2c.ovh\/wp-content\/uploads\/2018\/04\/DSCN6430-Copier-300x225.jpg 300w, https:\/\/cetcen2c.ovh\/wp-content\/uploads\/2018\/04\/DSCN6430-Copier-768x576.jpg 768w\" sizes=\"auto, (max-width: 800px) 100vw, 800px\" \/><\/p>\n<p style=\"text-align: center;\"><em><strong><span style=\"color: #000000;\">Notre bateau<\/span><\/strong><\/em><\/p>\n<p><img loading=\"lazy\" decoding=\"async\" class=\"alignnone size-full wp-image-3461\" src=\"https:\/\/cetcen2c.ovh\/wp-content\/uploads\/2018\/04\/DSCN6431-Copier.jpg\" alt=\"\" width=\"800\" height=\"600\" srcset=\"https:\/\/cetcen2c.ovh\/wp-content\/uploads\/2018\/04\/DSCN6431-Copier.jpg 800w, https:\/\/cetcen2c.ovh\/wp-content\/uploads\/2018\/04\/DSCN6431-Copier-300x225.jpg 300w, https:\/\/cetcen2c.ovh\/wp-content\/uploads\/2018\/04\/DSCN6431-Copier-768x576.jpg 768w\" sizes=\"auto, (max-width: 800px) 100vw, 800px\" \/> <img loading=\"lazy\" decoding=\"async\" class=\"alignnone size-full wp-image-3462\" src=\"https:\/\/cetcen2c.ovh\/wp-content\/uploads\/2018\/04\/DSCN6432-Copier.jpg\" alt=\"\" width=\"800\" height=\"600\" srcset=\"https:\/\/cetcen2c.ovh\/wp-content\/uploads\/2018\/04\/DSCN6432-Copier.jpg 800w, https:\/\/cetcen2c.ovh\/wp-content\/uploads\/2018\/04\/DSCN6432-Copier-300x225.jpg 300w, https:\/\/cetcen2c.ovh\/wp-content\/uploads\/2018\/04\/DSCN6432-Copier-768x576.jpg 768w\" sizes=\"auto, (max-width: 800px) 100vw, 800px\" \/> <img loading=\"lazy\" decoding=\"async\" class=\"alignnone size-full wp-image-3463\" src=\"https:\/\/cetcen2c.ovh\/wp-content\/uploads\/2018\/04\/DSCN6435-Copier.jpg\" alt=\"\" width=\"800\" height=\"600\" srcset=\"https:\/\/cetcen2c.ovh\/wp-content\/uploads\/2018\/04\/DSCN6435-Copier.jpg 800w, https:\/\/cetcen2c.ovh\/wp-content\/uploads\/2018\/04\/DSCN6435-Copier-300x225.jpg 300w, https:\/\/cetcen2c.ovh\/wp-content\/uploads\/2018\/04\/DSCN6435-Copier-768x576.jpg 768w\" sizes=\"auto, (max-width: 800px) 100vw, 800px\" \/> <img loading=\"lazy\" decoding=\"async\" class=\"alignnone size-full wp-image-3464\" src=\"https:\/\/cetcen2c.ovh\/wp-content\/uploads\/2018\/04\/DSCN6436-Copier.jpg\" alt=\"\" width=\"800\" height=\"600\" srcset=\"https:\/\/cetcen2c.ovh\/wp-content\/uploads\/2018\/04\/DSCN6436-Copier.jpg 800w, https:\/\/cetcen2c.ovh\/wp-content\/uploads\/2018\/04\/DSCN6436-Copier-300x225.jpg 300w, https:\/\/cetcen2c.ovh\/wp-content\/uploads\/2018\/04\/DSCN6436-Copier-768x576.jpg 768w\" sizes=\"auto, (max-width: 800px) 100vw, 800px\" \/><\/p>\n<p style=\"text-align: center;\"><em><strong><span style=\"color: #000000;\">A votre bonne sant\u00e9<\/span><\/strong><\/em><\/p>\n<p><img loading=\"lazy\" decoding=\"async\" class=\"alignnone size-full wp-image-3465\" src=\"https:\/\/cetcen2c.ovh\/wp-content\/uploads\/2018\/04\/DSCN6437-Copier.jpg\" alt=\"\" width=\"800\" height=\"600\" srcset=\"https:\/\/cetcen2c.ovh\/wp-content\/uploads\/2018\/04\/DSCN6437-Copier.jpg 800w, https:\/\/cetcen2c.ovh\/wp-content\/uploads\/2018\/04\/DSCN6437-Copier-300x225.jpg 300w, https:\/\/cetcen2c.ovh\/wp-content\/uploads\/2018\/04\/DSCN6437-Copier-768x576.jpg 768w\" sizes=\"auto, (max-width: 800px) 100vw, 800px\" \/><\/p>\n<p style=\"text-align: center;\"><em><strong><span style=\"color: #000000;\">A votre bonne sant\u00e9<\/span><\/strong><\/em><\/p>\n<p><img loading=\"lazy\" decoding=\"async\" class=\"alignnone size-full wp-image-3466\" src=\"https:\/\/cetcen2c.ovh\/wp-content\/uploads\/2018\/04\/DSCN6438-Copier.jpg\" alt=\"\" width=\"800\" height=\"600\" srcset=\"https:\/\/cetcen2c.ovh\/wp-content\/uploads\/2018\/04\/DSCN6438-Copier.jpg 800w, https:\/\/cetcen2c.ovh\/wp-content\/uploads\/2018\/04\/DSCN6438-Copier-300x225.jpg 300w, https:\/\/cetcen2c.ovh\/wp-content\/uploads\/2018\/04\/DSCN6438-Copier-768x576.jpg 768w\" sizes=\"auto, (max-width: 800px) 100vw, 800px\" \/><\/p>\n<p>&nbsp;<\/p>\n<h2 style=\"text-align: center;\"><span style=\"color: #ff0000;\"><strong>ooooooooooooooo<\/strong><\/span><\/h2>\n<h2 style=\"text-align: center;\"><a href=\"https:\/\/cetcen2c.ovh\/index.php\/nos-voyages\/2017-2\/france-retour\/\"><strong><span style=\"color: #0000ff;\">Semaine Suivante<\/span><\/strong><\/a><\/h2>\n<h3><\/h3>\n<h3 style=\"text-align: center;\"><\/h3>\n","protected":false},"excerpt":{"rendered":"<p>Semaine Pr\u00e9c\u00e9dente MAROC &#8211; 12 = P\u00e9riode du 16 au 16 Avril 2018 LUNDI 16 AVRIL : LARACHE \u2013 Aire de CC \u2013 Espace Ostal Ecologique&#8211;&gt; LOS BARRIOS (ESP) Kms Compteur 50136 &#8211; Soit une distance totale parcourue de 6803 &hellip; <a href=\"https:\/\/cetcen2c.ovh\/index.php\/nos-voyages\/2017-2\/maroc-06\/maroc-12\/\">Continuer la lecture <span class=\"meta-nav\">&rarr;<\/span><\/a><\/p>\n","protected":false},"author":1,"featured_media":0,"parent":1723,"menu_order":7,"comment_status":"closed","ping_status":"closed","template":"","meta":{"footnotes":""},"class_list":["post-1767","page","type-page","status-publish","hentry"],"_links":{"self":[{"href":"https:\/\/cetcen2c.ovh\/index.php\/wp-json\/wp\/v2\/pages\/1767","targetHints":{"allow":["GET"]}}],"collection":[{"href":"https:\/\/cetcen2c.ovh\/index.php\/wp-json\/wp\/v2\/pages"}],"about":[{"href":"https:\/\/cetcen2c.ovh\/index.php\/wp-json\/wp\/v2\/types\/page"}],"author":[{"embeddable":true,"href":"https:\/\/cetcen2c.ovh\/index.php\/wp-json\/wp\/v2\/users\/1"}],"replies":[{"embeddable":true,"href":"https:\/\/cetcen2c.ovh\/index.php\/wp-json\/wp\/v2\/comments?post=1767"}],"version-history":[{"count":12,"href":"https:\/\/cetcen2c.ovh\/index.php\/wp-json\/wp\/v2\/pages\/1767\/revisions"}],"predecessor-version":[{"id":3477,"href":"https:\/\/cetcen2c.ovh\/index.php\/wp-json\/wp\/v2\/pages\/1767\/revisions\/3477"}],"up":[{"embeddable":true,"href":"https:\/\/cetcen2c.ovh\/index.php\/wp-json\/wp\/v2\/pages\/1723"}],"wp:attachment":[{"href":"https:\/\/cetcen2c.ovh\/index.php\/wp-json\/wp\/v2\/media?parent=1767"}],"curies":[{"name":"wp","href":"https:\/\/api.w.org\/{rel}","templated":true}]}}