{"id":1432,"date":"2017-12-05T16:41:47","date_gmt":"2017-12-05T15:41:47","guid":{"rendered":"http:\/\/cetcen2c.ovh\/?page_id=1432"},"modified":"2017-12-21T01:00:28","modified_gmt":"2017-12-21T00:00:28","slug":"recettes","status":"publish","type":"page","link":"https:\/\/cetcen2c.ovh\/index.php\/divers\/recettes\/","title":{"rendered":"Recettes"},"content":{"rendered":"<p><strong>\u00a0<\/strong><\/p>\n<h3 style=\"text-align: center;\"><strong>VIN de CITRONS<\/strong><\/h3>\n<p style=\"text-align: center;\"><em><strong>Ap\u00e9ritif<\/strong><\/em><\/p>\n<p><strong>Simple \u00e0 faire et tr\u00e8s appr\u00e9ci\u00e9.<\/strong><\/p>\n<p><strong>Il faut\u00a0:<\/strong><\/p>\n<p><strong><em>5 citrons non trait\u00e9s.<\/em><\/strong><\/p>\n<p><strong><em>5 litres de vin blanc<\/em><\/strong> ( j\u2019 utilise du Chardonnay en Cubi ).<\/p>\n<p><strong><em>1<\/em><\/strong> <strong><em>litre d\u2019alcool de fruits \u00e0 38\u00b0<\/em><\/strong> ( ne pas utiliser des alcools parfum\u00e9s, cerises, pommes, prunes, etc\u2026, car ils d\u00e9truiraient\u00a0 le go\u00fbt du citron ).<\/p>\n<p><strong><em>0 ,750 kg de sucre<\/em><\/strong> ou moins \u2013 le mieux et d\u2019ajuster apr\u00e8s mac\u00e9ration, suivant votre go\u00fbt.<\/p>\n<p><strong>Comment faire\u00a0?<\/strong><\/p>\n<p><strong>Couper en quatre les 5 citrons.<\/strong><\/p>\n<p><strong>Les mettre \u00e0 mac\u00e9rer 7 jours, pas plus ( \u00a0le breuvage deviendrait amer ), dans le vin, l\u2019alcool de fruit et le sucre.<\/strong><\/p>\n<p><strong>Apr\u00e8s 7 jours, enlever les \u00a0citrons .<\/strong><\/p>\n<p><strong>Filtrer et mettre en bouteille.<\/strong><\/p>\n<p><strong><em>A consommer apr\u00e8s 6 semaines de repos en bouteille.<\/em><\/strong><\/p>\n<p style=\"text-align: center;\"><span style=\"color: #ff0000;\"><strong>\u00b0\u00b0\u00b0\u00b0\u00b0\u00b0\u00b0\u00b0\u00b0\u00b0\u00b0\u00b0\u00b0\u00b0\u00b0\u00b0\u00b0\u00b0\u00b0\u00b0\u00b0\u00b0\u00b0\u00b0<\/strong><\/span><\/p>\n<h3 style=\"text-align: center;\"><strong>\u00a0LA CANCOILLOTTE<br \/>\n<\/strong><\/h3>\n<p><strong>Une sp\u00e9cialit\u00e9 Franc-Comtoise<\/strong><\/p>\n<p><img loading=\"lazy\" decoding=\"async\" class=\"alignnone wp-image-1377\" src=\"https:\/\/cetcen2c.ovh\/wp-content\/uploads\/2017\/12\/cancoye-compressor-300x196.jpg\" sizes=\"auto, (max-width: 489px) 100vw, 489px\" srcset=\"https:\/\/cetcen2c.ovh\/wp-content\/uploads\/2017\/12\/cancoye-compressor-300x196.jpg 300w, https:\/\/cetcen2c.ovh\/wp-content\/uploads\/2017\/12\/cancoye-compressor.jpg 650w\" alt=\"\" width=\"489\" height=\"319\" \/><\/p>\n<p><a href=\"http:\/\/www.cancoillotte.net\/spip.php?article143\"><strong><span style=\"color: #0000ff;\">http:\/\/www.cancoillotte.net\/spip.php?article143<\/span><\/strong><\/a><\/p>\n<p><strong><a href=\"https:\/\/fr.wikipedia.org\/wiki\/Cancoillotte\"><span style=\"color: #0000ff;\">https:\/\/fr.wikipedia.org\/wiki\/Cancoillotte<\/span><\/a><\/strong><\/p>\n<p style=\"text-align: center;\"><span style=\"color: #ff0000;\"><strong>\u00b0\u00b0\u00b0\u00b0\u00b0\u00b0\u00b0\u00b0\u00b0\u00b0\u00b0\u00b0\u00b0\u00b0\u00b0\u00b0\u00b0\u00b0\u00b0\u00b0\u00b0\u00b0\u00b0\u00b0\u00b0\u00b0\u00b0\u00b0\u00b0\u00b0\u00b0<\/strong><\/span><\/p>\n<p>&nbsp;<\/p>\n","protected":false},"excerpt":{"rendered":"<p>\u00a0 VIN de CITRONS Ap\u00e9ritif Simple \u00e0 faire et tr\u00e8s appr\u00e9ci\u00e9. Il faut\u00a0: 5 citrons non trait\u00e9s. 5 litres de vin blanc ( j\u2019 utilise du Chardonnay en Cubi ). 1 litre d\u2019alcool de fruits \u00e0 38\u00b0 ( ne pas &hellip; <a href=\"https:\/\/cetcen2c.ovh\/index.php\/divers\/recettes\/\">Continuer la lecture <span class=\"meta-nav\">&rarr;<\/span><\/a><\/p>\n","protected":false},"author":1,"featured_media":0,"parent":1385,"menu_order":4,"comment_status":"closed","ping_status":"closed","template":"","meta":{"footnotes":""},"class_list":["post-1432","page","type-page","status-publish","hentry"],"_links":{"self":[{"href":"https:\/\/cetcen2c.ovh\/index.php\/wp-json\/wp\/v2\/pages\/1432","targetHints":{"allow":["GET"]}}],"collection":[{"href":"https:\/\/cetcen2c.ovh\/index.php\/wp-json\/wp\/v2\/pages"}],"about":[{"href":"https:\/\/cetcen2c.ovh\/index.php\/wp-json\/wp\/v2\/types\/page"}],"author":[{"embeddable":true,"href":"https:\/\/cetcen2c.ovh\/index.php\/wp-json\/wp\/v2\/users\/1"}],"replies":[{"embeddable":true,"href":"https:\/\/cetcen2c.ovh\/index.php\/wp-json\/wp\/v2\/comments?post=1432"}],"version-history":[{"count":5,"href":"https:\/\/cetcen2c.ovh\/index.php\/wp-json\/wp\/v2\/pages\/1432\/revisions"}],"predecessor-version":[{"id":1443,"href":"https:\/\/cetcen2c.ovh\/index.php\/wp-json\/wp\/v2\/pages\/1432\/revisions\/1443"}],"up":[{"embeddable":true,"href":"https:\/\/cetcen2c.ovh\/index.php\/wp-json\/wp\/v2\/pages\/1385"}],"wp:attachment":[{"href":"https:\/\/cetcen2c.ovh\/index.php\/wp-json\/wp\/v2\/media?parent=1432"}],"curies":[{"name":"wp","href":"https:\/\/api.w.org\/{rel}","templated":true}]}}