{"id":1327,"date":"2017-11-21T23:17:39","date_gmt":"2017-11-21T22:17:39","guid":{"rendered":"http:\/\/cetcen2c.ovh\/?page_id=1327"},"modified":"2018-11-19T15:44:48","modified_gmt":"2018-11-19T14:44:48","slug":"france-aller","status":"publish","type":"page","link":"https:\/\/cetcen2c.ovh\/index.php\/nos-voyages\/2017-2\/france-aller\/","title":{"rendered":"VOYAGE ALLER"},"content":{"rendered":"<p style=\"text-align: center;\"><span style=\"color: #000000;\"><strong>Bonjour \u00e0 tous, \u00e7a y est c&rsquo;est parti pour un petit s\u00e9jour au Maroc.<\/strong><\/span><\/p>\n<p style=\"text-align: center;\"><strong><span style=\"color: #000000;\">KMS au Compteur = 43333<br \/>\n<\/span><\/strong><\/p>\n<p style=\"text-align: center;\"><span style=\"color: #ff0000;\"><strong>****************<\/strong><\/span><\/p>\n<p><em><span style=\"color: #000000;\"><strong><span style=\"color: #000080;\">LUNDI 22 JANVIER 2018 : Lacollonge &#8211;&gt; Thi\u00e9nans ( 70 ).<\/span><br \/>\n<\/strong><\/span><\/em><\/p>\n<p style=\"text-align: center;\"><em><span style=\"color: #000000;\"><strong>KMS Compteur 43406 &#8211; Soit une distance parcourue de 73 Kms.<\/strong><\/span><\/em><\/p>\n<p style=\"text-align: center;\"><span style=\"color: #000000;\"><strong>\u00a0<\/strong><\/span><\/p>\n<p><img loading=\"lazy\" decoding=\"async\" class=\"alignnone wp-image-1594 aligncenter\" src=\"https:\/\/cetcen2c.ovh\/wp-content\/uploads\/2018\/01\/Lacollonge_Thi\u00e9nans-1-300x115.jpg\" alt=\"\" width=\"541\" height=\"218\" \/><\/p>\n<p style=\"text-align: center;\"><span style=\"color: #000000;\"><strong>Soit une distance de = 73 Kms<\/strong><\/span><\/p>\n<p><span style=\"color: #000000;\"><strong>Journ\u00e9e maussade, tr\u00e8s pluvieuse, mais pas froide.<\/strong><\/span><\/p>\n<p style=\"text-align: center;\"><span style=\"color: #ff0000;\"><strong>****************<\/strong><\/span><\/p>\n<p><em><span style=\"color: #000000;\"><strong><span style=\"color: #000080;\">MARDI 23 JANVIER 2018 : Thi\u00e9nans &#8211;&gt; Les Gannes ( 63 ).\u00a0<\/span> <\/strong><\/span><\/em><\/p>\n<p style=\"text-align: center;\"><em><span style=\"color: #000000;\"><strong>Kms Compteur : 43838 &#8211; Distance totale parcourue 505 Kms.<br \/>\n<\/strong><\/span><\/em><\/p>\n<p><img loading=\"lazy\" decoding=\"async\" class=\"alignnone wp-image-1610\" src=\"https:\/\/cetcen2c.ovh\/wp-content\/uploads\/2018\/01\/Thienans_les-gannes-300x183.jpg\" alt=\"\" width=\"528\" height=\"322\" srcset=\"https:\/\/cetcen2c.ovh\/wp-content\/uploads\/2018\/01\/Thienans_les-gannes-300x183.jpg 300w, https:\/\/cetcen2c.ovh\/wp-content\/uploads\/2018\/01\/Thienans_les-gannes-768x468.jpg 768w, https:\/\/cetcen2c.ovh\/wp-content\/uploads\/2018\/01\/Thienans_les-gannes.jpg 915w\" sizes=\"auto, (max-width: 528px) 100vw, 528px\" \/><\/p>\n<p style=\"text-align: center;\"><span style=\"color: #000000;\"><strong>Soit une distance de : 432 Kms<\/strong> <\/span><\/p>\n<p><span style=\"color: #000000;\"><strong>D\u00e9part de Thi\u00e9nans \u00e0 9 h 15, belle journ\u00e9e, beaucoup de soleil, \u00e7a remonte le moral, depuis le temps.<\/strong><\/span><\/p>\n<p><span style=\"color: #000000;\"><strong>Arriv\u00e9e sur l&rsquo;aire de camping car 16 h 10, par contre il fait froid.<\/strong><\/span><\/p>\n<p><img loading=\"lazy\" decoding=\"async\" class=\"alignnone wp-image-1606 size-full\" src=\"https:\/\/cetcen2c.ovh\/wp-content\/uploads\/2018\/01\/DSCN4910-Copier.jpg\" alt=\"\" width=\"800\" height=\"600\" srcset=\"https:\/\/cetcen2c.ovh\/wp-content\/uploads\/2018\/01\/DSCN4910-Copier.jpg 800w, https:\/\/cetcen2c.ovh\/wp-content\/uploads\/2018\/01\/DSCN4910-Copier-300x225.jpg 300w, https:\/\/cetcen2c.ovh\/wp-content\/uploads\/2018\/01\/DSCN4910-Copier-768x576.jpg 768w\" sizes=\"auto, (max-width: 800px) 100vw, 800px\" \/> <img loading=\"lazy\" decoding=\"async\" class=\"alignnone wp-image-1607 size-full\" src=\"https:\/\/cetcen2c.ovh\/wp-content\/uploads\/2018\/01\/DSCN4911-Copier.jpg\" alt=\"\" width=\"800\" height=\"600\" srcset=\"https:\/\/cetcen2c.ovh\/wp-content\/uploads\/2018\/01\/DSCN4911-Copier.jpg 800w, https:\/\/cetcen2c.ovh\/wp-content\/uploads\/2018\/01\/DSCN4911-Copier-300x225.jpg 300w, https:\/\/cetcen2c.ovh\/wp-content\/uploads\/2018\/01\/DSCN4911-Copier-768x576.jpg 768w\" sizes=\"auto, (max-width: 800px) 100vw, 800px\" \/> <img loading=\"lazy\" decoding=\"async\" class=\"alignnone wp-image-1608 size-full\" src=\"https:\/\/cetcen2c.ovh\/wp-content\/uploads\/2018\/01\/DSCN4912-Copier.jpg\" alt=\"\" width=\"800\" height=\"600\" srcset=\"https:\/\/cetcen2c.ovh\/wp-content\/uploads\/2018\/01\/DSCN4912-Copier.jpg 800w, https:\/\/cetcen2c.ovh\/wp-content\/uploads\/2018\/01\/DSCN4912-Copier-300x225.jpg 300w, https:\/\/cetcen2c.ovh\/wp-content\/uploads\/2018\/01\/DSCN4912-Copier-768x576.jpg 768w\" sizes=\"auto, (max-width: 800px) 100vw, 800px\" \/><\/p>\n<p style=\"text-align: center;\"><span style=\"color: #ff0000;\"><strong>********************<\/strong><\/span><\/p>\n<p><span style=\"color: #000080;\"><strong><em>MERCREDI 24 JANVIER 2018<\/em> : LES GANNES ( 63 ) &#8211;&gt; DAX ( 40 )<\/strong><\/span><\/p>\n<p style=\"text-align: center;\"><span style=\"color: #000000;\"><strong>Kms Compteur : 44460 &#8211; Soit une distance totale parcourue de 1127 Kms<br \/>\n<\/strong><\/span><\/p>\n<p><img loading=\"lazy\" decoding=\"async\" class=\"alignnone wp-image-1613 size-full\" src=\"https:\/\/cetcen2c.ovh\/wp-content\/uploads\/2018\/01\/les-Gannes_dax.jpg\" alt=\"\" width=\"853\" height=\"627\" srcset=\"https:\/\/cetcen2c.ovh\/wp-content\/uploads\/2018\/01\/les-Gannes_dax.jpg 853w, https:\/\/cetcen2c.ovh\/wp-content\/uploads\/2018\/01\/les-Gannes_dax-300x221.jpg 300w, https:\/\/cetcen2c.ovh\/wp-content\/uploads\/2018\/01\/les-Gannes_dax-768x565.jpg 768w\" sizes=\"auto, (max-width: 853px) 100vw, 853px\" \/><\/p>\n<p style=\"text-align: center;\"><span style=\"color: #000000;\"><strong>Soit une distance de :622 Kms<\/strong><\/span><\/p>\n<p><span style=\"color: #000000;\"><strong>Apr\u00e8s un avis de recherche international, on a retrouv\u00e9 monsieur WIFI, il nous attendait dans une station service apr\u00e8s Cac\u00e8res ( Espagne ), ravi de l&rsquo;utiliser \u00e0 mes fins, je peux donc mettre \u00e0 jour mon Blog.<\/strong><\/span><\/p>\n<p><span style=\"color: #000000;\"><strong>Stationnement pour la nuit sur l&rsquo;Aire de Champigny, un peu avant DAX .<\/strong><\/span><\/p>\n<p><img loading=\"lazy\" decoding=\"async\" class=\"alignnone size-full wp-image-1614\" src=\"https:\/\/cetcen2c.ovh\/wp-content\/uploads\/2018\/01\/DSCN4920-Copier.jpg\" alt=\"\" width=\"800\" height=\"600\" srcset=\"https:\/\/cetcen2c.ovh\/wp-content\/uploads\/2018\/01\/DSCN4920-Copier.jpg 800w, https:\/\/cetcen2c.ovh\/wp-content\/uploads\/2018\/01\/DSCN4920-Copier-300x225.jpg 300w, https:\/\/cetcen2c.ovh\/wp-content\/uploads\/2018\/01\/DSCN4920-Copier-768x576.jpg 768w\" sizes=\"auto, (max-width: 800px) 100vw, 800px\" \/> <img loading=\"lazy\" decoding=\"async\" class=\"alignnone wp-image-1615 size-full\" src=\"https:\/\/cetcen2c.ovh\/wp-content\/uploads\/2018\/01\/DSCN4921-Copier.jpg\" alt=\"\" width=\"800\" height=\"600\" srcset=\"https:\/\/cetcen2c.ovh\/wp-content\/uploads\/2018\/01\/DSCN4921-Copier.jpg 800w, https:\/\/cetcen2c.ovh\/wp-content\/uploads\/2018\/01\/DSCN4921-Copier-300x225.jpg 300w, https:\/\/cetcen2c.ovh\/wp-content\/uploads\/2018\/01\/DSCN4921-Copier-768x576.jpg 768w\" sizes=\"auto, (max-width: 800px) 100vw, 800px\" \/> <img loading=\"lazy\" decoding=\"async\" class=\"alignnone wp-image-1616 size-full\" src=\"https:\/\/cetcen2c.ovh\/wp-content\/uploads\/2018\/01\/DSCN4922-Copier.jpg\" alt=\"\" width=\"800\" height=\"600\" srcset=\"https:\/\/cetcen2c.ovh\/wp-content\/uploads\/2018\/01\/DSCN4922-Copier.jpg 800w, https:\/\/cetcen2c.ovh\/wp-content\/uploads\/2018\/01\/DSCN4922-Copier-300x225.jpg 300w, https:\/\/cetcen2c.ovh\/wp-content\/uploads\/2018\/01\/DSCN4922-Copier-768x576.jpg 768w\" sizes=\"auto, (max-width: 800px) 100vw, 800px\" \/><\/p>\n<p style=\"text-align: center;\"><span style=\"color: #ff0000;\"><strong>********************<\/strong><\/span><\/p>\n<p><span style=\"color: #000080;\"><strong><em>JEUDI 25 JANVIER 2018<\/em> : DAX ( 40 ) &#8211;&gt; CANGAS de ONIS ( Espagne )<\/strong><\/span><\/p>\n<p style=\"text-align: center;\"><span style=\"color: #000000;\"><strong>KMS Compteur : 45062 &#8211; Soit une distance totale parcourue de 1729 Kms<br \/>\n<\/strong><\/span><\/p>\n<p><img loading=\"lazy\" decoding=\"async\" class=\"alignnone size-full wp-image-1617\" src=\"https:\/\/cetcen2c.ovh\/wp-content\/uploads\/2018\/01\/dax_cangas-de-onis.jpg\" alt=\"\" width=\"1235\" height=\"560\" srcset=\"https:\/\/cetcen2c.ovh\/wp-content\/uploads\/2018\/01\/dax_cangas-de-onis.jpg 1235w, https:\/\/cetcen2c.ovh\/wp-content\/uploads\/2018\/01\/dax_cangas-de-onis-300x136.jpg 300w, https:\/\/cetcen2c.ovh\/wp-content\/uploads\/2018\/01\/dax_cangas-de-onis-768x348.jpg 768w, https:\/\/cetcen2c.ovh\/wp-content\/uploads\/2018\/01\/dax_cangas-de-onis-1024x464.jpg 1024w\" sizes=\"auto, (max-width: 1235px) 100vw, 1235px\" \/><\/p>\n<p style=\"text-align: center;\"><span style=\"color: #000000;\"><strong>Soit une distance de : 602 Kms<\/strong><\/span><\/p>\n<p><span style=\"color: #000000;\"><strong>Parcours tr\u00e8s int\u00e9ressant par son paysage pittoresque, par contre nous avons trouv\u00e9 de la neige y compris sur la route. Pas de photos, car aucun endroit de pr\u00e9vu pour stationner sans danger ( route de montagne tr\u00e8s \u00e9troite et en pente ). A refaire en \u00e9t\u00e9.<\/strong><\/span><\/p>\n<p style=\"text-align: center;\"><span style=\"color: #ff0000;\"><strong>******************<\/strong><\/span><\/p>\n<p><span style=\"color: #000000;\"><strong><em>VENDREDI\u00a0 26 JANVIER 2018<\/em> : CANGAS de ONIS &#8211;&gt; CACERES<\/strong><\/span><\/p>\n<p style=\"text-align: center;\"><span style=\"color: #000000;\"><strong>KMS Compteur : 45742 &#8211; Soit une distance totale parcourue de 2409 Kms<br \/>\n<\/strong><\/span><\/p>\n<p><img loading=\"lazy\" decoding=\"async\" class=\"alignnone size-full wp-image-1618\" src=\"https:\/\/cetcen2c.ovh\/wp-content\/uploads\/2018\/01\/Cagas-de-onis_caceres.jpg\" alt=\"\" width=\"977\" height=\"674\" srcset=\"https:\/\/cetcen2c.ovh\/wp-content\/uploads\/2018\/01\/Cagas-de-onis_caceres.jpg 977w, https:\/\/cetcen2c.ovh\/wp-content\/uploads\/2018\/01\/Cagas-de-onis_caceres-300x207.jpg 300w, https:\/\/cetcen2c.ovh\/wp-content\/uploads\/2018\/01\/Cagas-de-onis_caceres-768x530.jpg 768w\" sizes=\"auto, (max-width: 977px) 100vw, 977px\" \/><\/p>\n<p style=\"text-align: center;\"><span style=\"color: #000000;\"><strong>Soit une distance de : 680 Kms<\/strong><\/span><\/p>\n<p><span style=\"color: #000000;\"><em><strong>Quelques photos priv\u00e9es :<\/strong><\/em><\/span><\/p>\n<div id=\"attachment_1619\" style=\"width: 810px\" class=\"wp-caption alignnone\"><img loading=\"lazy\" decoding=\"async\" aria-describedby=\"caption-attachment-1619\" class=\"size-full wp-image-1619\" src=\"https:\/\/cetcen2c.ovh\/wp-content\/uploads\/2018\/01\/DSCN4914-Copier.jpg\" alt=\"\" width=\"800\" height=\"600\" srcset=\"https:\/\/cetcen2c.ovh\/wp-content\/uploads\/2018\/01\/DSCN4914-Copier.jpg 800w, https:\/\/cetcen2c.ovh\/wp-content\/uploads\/2018\/01\/DSCN4914-Copier-300x225.jpg 300w, https:\/\/cetcen2c.ovh\/wp-content\/uploads\/2018\/01\/DSCN4914-Copier-768x576.jpg 768w\" sizes=\"auto, (max-width: 800px) 100vw, 800px\" \/><p id=\"caption-attachment-1619\" class=\"wp-caption-text\"><span style=\"color: #000000;\"><strong>Catherine pr\u00e9parant une dose de soupe = 1 bol.<\/strong><\/span><\/p><\/div>\n<div id=\"attachment_1620\" style=\"width: 810px\" class=\"wp-caption aligncenter\"><img loading=\"lazy\" decoding=\"async\" aria-describedby=\"caption-attachment-1620\" class=\"wp-image-1620 size-full\" src=\"https:\/\/cetcen2c.ovh\/wp-content\/uploads\/2018\/01\/DSCN4916-Copier.jpg\" alt=\"\" width=\"800\" height=\"600\" srcset=\"https:\/\/cetcen2c.ovh\/wp-content\/uploads\/2018\/01\/DSCN4916-Copier.jpg 800w, https:\/\/cetcen2c.ovh\/wp-content\/uploads\/2018\/01\/DSCN4916-Copier-300x225.jpg 300w, https:\/\/cetcen2c.ovh\/wp-content\/uploads\/2018\/01\/DSCN4916-Copier-768x576.jpg 768w\" sizes=\"auto, (max-width: 800px) 100vw, 800px\" \/><p id=\"caption-attachment-1620\" class=\"wp-caption-text\"><span style=\"color: #000000;\"><strong>Ouverture du bouillon de poule<\/strong><\/span><\/p><\/div>\n<p><img loading=\"lazy\" decoding=\"async\" class=\"alignnone size-full wp-image-1621\" src=\"https:\/\/cetcen2c.ovh\/wp-content\/uploads\/2018\/01\/DSCN4917-Copier.jpg\" alt=\"\" width=\"800\" height=\"600\" srcset=\"https:\/\/cetcen2c.ovh\/wp-content\/uploads\/2018\/01\/DSCN4917-Copier.jpg 800w, https:\/\/cetcen2c.ovh\/wp-content\/uploads\/2018\/01\/DSCN4917-Copier-300x225.jpg 300w, https:\/\/cetcen2c.ovh\/wp-content\/uploads\/2018\/01\/DSCN4917-Copier-768x576.jpg 768w\" sizes=\"auto, (max-width: 800px) 100vw, 800px\" \/> <img loading=\"lazy\" decoding=\"async\" class=\"alignnone size-full wp-image-1622\" src=\"https:\/\/cetcen2c.ovh\/wp-content\/uploads\/2018\/01\/DSCN4918-Copier.jpg\" alt=\"\" width=\"800\" height=\"600\" srcset=\"https:\/\/cetcen2c.ovh\/wp-content\/uploads\/2018\/01\/DSCN4918-Copier.jpg 800w, https:\/\/cetcen2c.ovh\/wp-content\/uploads\/2018\/01\/DSCN4918-Copier-300x225.jpg 300w, https:\/\/cetcen2c.ovh\/wp-content\/uploads\/2018\/01\/DSCN4918-Copier-768x576.jpg 768w\" sizes=\"auto, (max-width: 800px) 100vw, 800px\" \/><\/p>\n<p style=\"text-align: center;\"><span style=\"color: #ff0000;\"><strong>\u00a0********************<\/strong><\/span><\/p>\n<p><span style=\"color: #000080;\"><strong><em>SAMEDI 27 JANVIER<\/em> : CACERES &#8211;&gt; LOS BARRIOS ( Alg\u00e9ciras )<\/strong><\/span><\/p>\n<p style=\"text-align: center;\"><span style=\"color: #000000;\"><strong>Kms Compteur : 46208 &#8211; Soit une distance totale parcourue de 2875 Kms<br \/>\n<\/strong><\/span><\/p>\n<p><img loading=\"lazy\" decoding=\"async\" class=\"alignnone size-full wp-image-1629\" src=\"https:\/\/cetcen2c.ovh\/wp-content\/uploads\/2018\/01\/Caceres_algeciras.jpg\" alt=\"\" width=\"618\" height=\"661\" srcset=\"https:\/\/cetcen2c.ovh\/wp-content\/uploads\/2018\/01\/Caceres_algeciras.jpg 618w, https:\/\/cetcen2c.ovh\/wp-content\/uploads\/2018\/01\/Caceres_algeciras-280x300.jpg 280w\" sizes=\"auto, (max-width: 618px) 100vw, 618px\" \/><\/p>\n<p style=\"text-align: center;\"><span style=\"color: #000000;\"><strong>Soit une distance de 466 Kms<\/strong><\/span><\/p>\n<p><span style=\"color: #000000;\"><strong>Stationnement sur le Parking GUTIEREZ, Visites des magasins de la zone artisanale, mauvais temps, pas de photos.<\/strong><\/span><\/p>\n<p><strong>Cliquer sur <a href=\"https:\/\/cetcen2c.ovh\/index.php\/nos-voyages\/2017-2\/maroc\/\"><span style=\"color: #000080;\">SUITE<\/span><\/a><\/strong><\/p>\n<p style=\"text-align: center;\"><span style=\"color: #ff0000;\"><strong>******************<\/strong><\/span><\/p>\n<p>&nbsp;<\/p>\n","protected":false},"excerpt":{"rendered":"<p>Bonjour \u00e0 tous, \u00e7a y est c&rsquo;est parti pour un petit s\u00e9jour au Maroc. KMS au Compteur = 43333 **************** LUNDI 22 JANVIER 2018 : Lacollonge &#8211;&gt; Thi\u00e9nans ( 70 ). KMS Compteur 43406 &#8211; Soit une distance parcourue de &hellip; <a href=\"https:\/\/cetcen2c.ovh\/index.php\/nos-voyages\/2017-2\/france-aller\/\">Continuer la lecture <span class=\"meta-nav\">&rarr;<\/span><\/a><\/p>\n","protected":false},"author":1,"featured_media":0,"parent":1324,"menu_order":1,"comment_status":"closed","ping_status":"closed","template":"","meta":{"footnotes":""},"class_list":["post-1327","page","type-page","status-publish","hentry"],"_links":{"self":[{"href":"https:\/\/cetcen2c.ovh\/index.php\/wp-json\/wp\/v2\/pages\/1327","targetHints":{"allow":["GET"]}}],"collection":[{"href":"https:\/\/cetcen2c.ovh\/index.php\/wp-json\/wp\/v2\/pages"}],"about":[{"href":"https:\/\/cetcen2c.ovh\/index.php\/wp-json\/wp\/v2\/types\/page"}],"author":[{"embeddable":true,"href":"https:\/\/cetcen2c.ovh\/index.php\/wp-json\/wp\/v2\/users\/1"}],"replies":[{"embeddable":true,"href":"https:\/\/cetcen2c.ovh\/index.php\/wp-json\/wp\/v2\/comments?post=1327"}],"version-history":[{"count":25,"href":"https:\/\/cetcen2c.ovh\/index.php\/wp-json\/wp\/v2\/pages\/1327\/revisions"}],"predecessor-version":[{"id":3711,"href":"https:\/\/cetcen2c.ovh\/index.php\/wp-json\/wp\/v2\/pages\/1327\/revisions\/3711"}],"up":[{"embeddable":true,"href":"https:\/\/cetcen2c.ovh\/index.php\/wp-json\/wp\/v2\/pages\/1324"}],"wp:attachment":[{"href":"https:\/\/cetcen2c.ovh\/index.php\/wp-json\/wp\/v2\/media?parent=1327"}],"curies":[{"name":"wp","href":"https:\/\/api.w.org\/{rel}","templated":true}]}}